{"id":1140,"date":"2022-03-31T09:11:30","date_gmt":"2022-03-31T09:11:30","guid":{"rendered":"http:\/\/www.hanowerycsl.pl\/?page_id=1140"},"modified":"2026-03-26T11:25:42","modified_gmt":"2026-03-26T11:25:42","slug":"konie-na-sprzedaz","status":"publish","type":"page","link":"https:\/\/www.hanowerycsl.pl\/index.php\/konie-na-sprzedaz\/","title":{"rendered":"Konie na sprzeda\u017c"},"content":{"rendered":"\t\t<div data-elementor-type=\"wp-page\" data-elementor-id=\"1140\" class=\"elementor elementor-1140\">\n\t\t\t\t\t\t<div class=\"elementor-inner\">\n\t\t\t\t<div class=\"elementor-section-wrap\">\n\t\t\t\t\t\t\t\t\t<section class=\"elementor-section elementor-top-section elementor-element elementor-element-3eaf11e elementor-section-full_width elementor-section-height-default elementor-section-height-default parallax_section_no qode_elementor_container_no\" data-id=\"3eaf11e\" data-element_type=\"section\">\n\t\t\t\t\t\t<div class=\"elementor-container elementor-column-gap-default\">\n\t\t\t\t\t\t\t<div class=\"elementor-row\">\n\t\t\t\t\t<div class=\"elementor-column elementor-col-100 elementor-top-column elementor-element elementor-element-03631e9\" data-id=\"03631e9\" data-element_type=\"column\">\n\t\t\t<div class=\"elementor-column-wrap\">\n\t\t\t\t\t\t\t<div class=\"elementor-widget-wrap\">\n\t\t\t\t\t\t\t\t<\/div>\n\t\t\t\t\t<\/div>\n\t\t<\/div>\n\t\t\t\t\t\t\t\t<\/div>\n\t\t\t\t\t<\/div>\n\t\t<\/section>\n\t\t\t\t<section class=\"elementor-section elementor-top-section elementor-element elementor-element-5fbd0a28 elementor-section-boxed elementor-section-height-default elementor-section-height-default parallax_section_no qode_elementor_container_no\" data-id=\"5fbd0a28\" data-element_type=\"section\">\n\t\t\t\t\t\t<div class=\"elementor-container elementor-column-gap-default\">\n\t\t\t\t\t\t\t<div class=\"elementor-row\">\n\t\t\t\t\t<div class=\"elementor-column elementor-col-100 elementor-top-column elementor-element elementor-element-024331c\" data-id=\"024331c\" data-element_type=\"column\">\n\t\t\t<div class=\"elementor-column-wrap elementor-element-populated\">\n\t\t\t\t\t\t\t<div class=\"elementor-widget-wrap\">\n\t\t\t\t\t\t<section class=\"elementor-section elementor-inner-section elementor-element elementor-element-13219be elementor-section-boxed elementor-section-height-default elementor-section-height-default parallax_section_no qode_elementor_container_no\" data-id=\"13219be\" data-element_type=\"section\">\n\t\t\t\t\t\t<div class=\"elementor-container elementor-column-gap-default\">\n\t\t\t\t\t\t\t<div class=\"elementor-row\">\n\t\t\t\t\t<div class=\"elementor-column elementor-col-100 elementor-inner-column elementor-element elementor-element-81634c2\" data-id=\"81634c2\" data-element_type=\"column\">\n\t\t\t<div class=\"elementor-column-wrap elementor-element-populated\">\n\t\t\t\t\t\t\t<div class=\"elementor-widget-wrap\">\n\t\t\t\t\t\t<div class=\"elementor-element elementor-element-2e61a0a elementor-widget elementor-widget-text-editor\" data-id=\"2e61a0a\" data-element_type=\"widget\" data-widget_type=\"text-editor.default\">\n\t\t\t\t<div class=\"elementor-widget-container\">\n\t\t\t\t\t\t\t\t<div class=\"elementor-text-editor elementor-clearfix\">\n\t\t\t\t<h5>przedstawiamy<\/h5>\t\t\t\t\t<\/div>\n\t\t\t\t\t\t<\/div>\n\t\t\t\t<\/div>\n\t\t\t\t<div class=\"elementor-element elementor-element-7f8bb2e elementor-widget elementor-widget-text-editor\" data-id=\"7f8bb2e\" data-element_type=\"widget\" data-widget_type=\"text-editor.default\">\n\t\t\t\t<div class=\"elementor-widget-container\">\n\t\t\t\t\t\t\t\t<div class=\"elementor-text-editor elementor-clearfix\">\n\t\t\t\t<h2>Konie uje\u017cd\u017ceniowe na sprzeda\u017c<\/h2>\t\t\t\t\t<\/div>\n\t\t\t\t\t\t<\/div>\n\t\t\t\t<\/div>\n\t\t\t\t\t\t<\/div>\n\t\t\t\t\t<\/div>\n\t\t<\/div>\n\t\t\t\t\t\t\t\t<\/div>\n\t\t\t\t\t<\/div>\n\t\t<\/section>\n\t\t\t\t<div class=\"elementor-element elementor-element-34a9b29 elementor-widget elementor-widget-text-editor\" data-id=\"34a9b29\" data-element_type=\"widget\" data-widget_type=\"text-editor.default\">\n\t\t\t\t<div class=\"elementor-widget-container\">\n\t\t\t\t\t\t\t\t<div class=\"elementor-text-editor elementor-clearfix\">\n\t\t\t\t<p data-start=\"133\" data-end=\"336\">Prezentujemy pi\u0119\u0107 koni hanowerskich o doskona\u0142ych rodowodach uje\u017cd\u017ceniowych. W naszej ofercie znajduj\u0105 si\u0119 trzy m\u0142ode konie z rocznika 2023 oraz po jednym z rocznik\u00f3w 2022 i 2021. Oferowane konie wywodz\u0105 si\u0119 z linii znakomitych ogier\u00f3w, takich jak <strong data-start=\"402\" data-end=\"439\">Danciero, Damaschino, F\u00fcrstenball<\/strong> i <strong data-start=\"442\" data-end=\"453\">Vitalis<\/strong>, gwarantuj\u0105cych znakomite predyspozycje do uje\u017cd\u017cenia.<\/p>\t\t\t\t\t<\/div>\n\t\t\t\t\t\t<\/div>\n\t\t\t\t<\/div>\n\t\t\t\t<section class=\"elementor-section elementor-inner-section elementor-element elementor-element-3f0032a elementor-section-boxed elementor-section-height-default elementor-section-height-default parallax_section_no qode_elementor_container_no\" data-id=\"3f0032a\" data-element_type=\"section\">\n\t\t\t\t\t\t<div class=\"elementor-container elementor-column-gap-default\">\n\t\t\t\t\t\t\t<div class=\"elementor-row\">\n\t\t\t\t\t<div class=\"elementor-column elementor-col-50 elementor-inner-column elementor-element elementor-element-28cd140\" data-id=\"28cd140\" data-element_type=\"column\">\n\t\t\t<div class=\"elementor-column-wrap elementor-element-populated\">\n\t\t\t\t\t\t\t<div class=\"elementor-widget-wrap\">\n\t\t\t\t\t\t<div class=\"elementor-element elementor-element-cd5b453 elementor-widget elementor-widget-image\" data-id=\"cd5b453\" data-element_type=\"widget\" data-widget_type=\"image.default\">\n\t\t\t\t<div class=\"elementor-widget-container\">\n\t\t\t\t\t\t\t\t<div class=\"elementor-image\">\n\t\t\t\t\t\t\t\t\t\t\t\t\t<a href=\"http:\/\/www.hanowerycsl.pl\/index.php\/davidson\/\">\n\t\t\t\t\t\t\t<img width=\"1350\" height=\"900\" src=\"https:\/\/www.hanowerycsl.pl\/wp-content\/uploads\/2025\/02\/2023_Davidson_10-1.jpg\" class=\"attachment-full size-full\" alt=\"\" loading=\"lazy\" srcset=\"https:\/\/www.hanowerycsl.pl\/wp-content\/uploads\/2025\/02\/2023_Davidson_10-1.jpg 1350w, https:\/\/www.hanowerycsl.pl\/wp-content\/uploads\/2025\/02\/2023_Davidson_10-1-300x200.jpg 300w, https:\/\/www.hanowerycsl.pl\/wp-content\/uploads\/2025\/02\/2023_Davidson_10-1-1024x683.jpg 1024w, https:\/\/www.hanowerycsl.pl\/wp-content\/uploads\/2025\/02\/2023_Davidson_10-1-768x512.jpg 768w, https:\/\/www.hanowerycsl.pl\/wp-content\/uploads\/2025\/02\/2023_Davidson_10-1-700x467.jpg 700w\" sizes=\"(max-width: 1350px) 100vw, 1350px\" \/>\t\t\t\t\t\t\t\t<\/a>\n\t\t\t\t\t\t\t\t\t\t\t\t\t\t<\/div>\n\t\t\t\t\t\t<\/div>\n\t\t\t\t<\/div>\n\t\t\t\t<div class=\"elementor-element elementor-element-a50fae1 elementor-widget elementor-widget-text-editor\" data-id=\"a50fae1\" data-element_type=\"widget\" data-widget_type=\"text-editor.default\">\n\t\t\t\t<div class=\"elementor-widget-container\">\n\t\t\t\t\t\t\t\t<div class=\"elementor-text-editor elementor-clearfix\">\n\t\t\t\t<h3><a href=\"http:\/\/www.hanowerycsl.pl\/index.php\/finnesco\/\">DAVIDSON<\/a><\/h3>\t\t\t\t\t<\/div>\n\t\t\t\t\t\t<\/div>\n\t\t\t\t<\/div>\n\t\t\t\t<div class=\"elementor-element elementor-element-8738bbd elementor-widget elementor-widget-text-editor\" data-id=\"8738bbd\" data-element_type=\"widget\" data-widget_type=\"text-editor.default\">\n\t\t\t\t<div class=\"elementor-widget-container\">\n\t\t\t\t\t\t\t\t<div class=\"elementor-text-editor elementor-clearfix\">\n\t\t\t\t<h6>Danciero \/ Hochadel \/ Rohdiamant<\/h6><h6>rocznik 2023<\/h6>\t\t\t\t\t<\/div>\n\t\t\t\t\t\t<\/div>\n\t\t\t\t<\/div>\n\t\t\t\t<div class=\"elementor-element elementor-element-d382770 elementor-widget elementor-widget-spacer\" data-id=\"d382770\" data-element_type=\"widget\" data-widget_type=\"spacer.default\">\n\t\t\t\t<div class=\"elementor-widget-container\">\n\t\t\t\t\t<div class=\"elementor-spacer\">\n\t\t\t<div class=\"elementor-spacer-inner\"><\/div>\n\t\t<\/div>\n\t\t\t\t<\/div>\n\t\t\t\t<\/div>\n\t\t\t\t<div class=\"elementor-element elementor-element-3e96f74 elementor-widget elementor-widget-text-editor\" data-id=\"3e96f74\" data-element_type=\"widget\" data-widget_type=\"text-editor.default\">\n\t\t\t\t<div class=\"elementor-widget-container\">\n\t\t\t\t\t\t\t\t<div class=\"elementor-text-editor elementor-clearfix\">\n\t\t\t\t<h6><a href=\"http:\/\/www.hanowerycsl.pl\/index.php\/davidson\/\"><em>czytaj wi\u0119cej<\/em><\/a><\/h6>\t\t\t\t\t<\/div>\n\t\t\t\t\t\t<\/div>\n\t\t\t\t<\/div>\n\t\t\t\t\t\t<\/div>\n\t\t\t\t\t<\/div>\n\t\t<\/div>\n\t\t\t\t<div class=\"elementor-column elementor-col-50 elementor-inner-column elementor-element elementor-element-86582f8\" data-id=\"86582f8\" data-element_type=\"column\">\n\t\t\t<div class=\"elementor-column-wrap elementor-element-populated\">\n\t\t\t\t\t\t\t<div class=\"elementor-widget-wrap\">\n\t\t\t\t\t\t<div class=\"elementor-element elementor-element-bf0add1 elementor-widget elementor-widget-image\" data-id=\"bf0add1\" data-element_type=\"widget\" data-widget_type=\"image.default\">\n\t\t\t\t<div class=\"elementor-widget-container\">\n\t\t\t\t\t\t\t\t<div class=\"elementor-image\">\n\t\t\t\t\t\t\t\t\t\t\t\t\t<a href=\"http:\/\/www.hanowerycsl.pl\/index.php\/donello\/\">\n\t\t\t\t\t\t\t<img width=\"1350\" height=\"900\" src=\"https:\/\/www.hanowerycsl.pl\/wp-content\/uploads\/2025\/02\/2023_Donello_3.jpg\" class=\"attachment-full size-full\" alt=\"\" loading=\"lazy\" srcset=\"https:\/\/www.hanowerycsl.pl\/wp-content\/uploads\/2025\/02\/2023_Donello_3.jpg 1350w, https:\/\/www.hanowerycsl.pl\/wp-content\/uploads\/2025\/02\/2023_Donello_3-300x200.jpg 300w, https:\/\/www.hanowerycsl.pl\/wp-content\/uploads\/2025\/02\/2023_Donello_3-1024x683.jpg 1024w, https:\/\/www.hanowerycsl.pl\/wp-content\/uploads\/2025\/02\/2023_Donello_3-768x512.jpg 768w, https:\/\/www.hanowerycsl.pl\/wp-content\/uploads\/2025\/02\/2023_Donello_3-700x467.jpg 700w\" sizes=\"(max-width: 1350px) 100vw, 1350px\" \/>\t\t\t\t\t\t\t\t<\/a>\n\t\t\t\t\t\t\t\t\t\t\t\t\t\t<\/div>\n\t\t\t\t\t\t<\/div>\n\t\t\t\t<\/div>\n\t\t\t\t<div class=\"elementor-element elementor-element-f15bb4a elementor-widget elementor-widget-text-editor\" data-id=\"f15bb4a\" data-element_type=\"widget\" data-widget_type=\"text-editor.default\">\n\t\t\t\t<div class=\"elementor-widget-container\">\n\t\t\t\t\t\t\t\t<div class=\"elementor-text-editor elementor-clearfix\">\n\t\t\t\t<h3><a href=\"http:\/\/www.hanowerycsl.pl\/index.php\/donello\/\">DONELLO<\/a><\/h3>\t\t\t\t\t<\/div>\n\t\t\t\t\t\t<\/div>\n\t\t\t\t<\/div>\n\t\t\t\t<div class=\"elementor-element elementor-element-bf2626e elementor-widget elementor-widget-text-editor\" data-id=\"bf2626e\" data-element_type=\"widget\" data-widget_type=\"text-editor.default\">\n\t\t\t\t<div class=\"elementor-widget-container\">\n\t\t\t\t\t\t\t\t<div class=\"elementor-text-editor elementor-clearfix\">\n\t\t\t\t<h6>Damaschino \/ Lauries Crusador xx \/ Wolkenstein II<\/h6><h6>rocznik 2023<\/h6>\t\t\t\t\t<\/div>\n\t\t\t\t\t\t<\/div>\n\t\t\t\t<\/div>\n\t\t\t\t<div class=\"elementor-element elementor-element-f756a6e elementor-widget elementor-widget-spacer\" data-id=\"f756a6e\" data-element_type=\"widget\" data-widget_type=\"spacer.default\">\n\t\t\t\t<div class=\"elementor-widget-container\">\n\t\t\t\t\t<div class=\"elementor-spacer\">\n\t\t\t<div class=\"elementor-spacer-inner\"><\/div>\n\t\t<\/div>\n\t\t\t\t<\/div>\n\t\t\t\t<\/div>\n\t\t\t\t<div class=\"elementor-element elementor-element-d1dab71 elementor-widget elementor-widget-text-editor\" data-id=\"d1dab71\" data-element_type=\"widget\" data-widget_type=\"text-editor.default\">\n\t\t\t\t<div class=\"elementor-widget-container\">\n\t\t\t\t\t\t\t\t<div class=\"elementor-text-editor elementor-clearfix\">\n\t\t\t\t<h6><a href=\"http:\/\/www.hanowerycsl.pl\/index.php\/douglas\"><em>czytaj wi\u0119cej<\/em><\/a><\/h6>\t\t\t\t\t<\/div>\n\t\t\t\t\t\t<\/div>\n\t\t\t\t<\/div>\n\t\t\t\t\t\t<\/div>\n\t\t\t\t\t<\/div>\n\t\t<\/div>\n\t\t\t\t\t\t\t\t<\/div>\n\t\t\t\t\t<\/div>\n\t\t<\/section>\n\t\t\t\t<div class=\"elementor-element elementor-element-739e5f5 elementor-widget elementor-widget-spacer\" data-id=\"739e5f5\" data-element_type=\"widget\" data-widget_type=\"spacer.default\">\n\t\t\t\t<div class=\"elementor-widget-container\">\n\t\t\t\t\t<div class=\"elementor-spacer\">\n\t\t\t<div class=\"elementor-spacer-inner\"><\/div>\n\t\t<\/div>\n\t\t\t\t<\/div>\n\t\t\t\t<\/div>\n\t\t\t\t<section class=\"elementor-section elementor-inner-section elementor-element elementor-element-7f68fe8 elementor-section-boxed elementor-section-height-default elementor-section-height-default parallax_section_no qode_elementor_container_no\" data-id=\"7f68fe8\" data-element_type=\"section\">\n\t\t\t\t\t\t<div class=\"elementor-container elementor-column-gap-default\">\n\t\t\t\t\t\t\t<div class=\"elementor-row\">\n\t\t\t\t\t<div class=\"elementor-column elementor-col-50 elementor-inner-column elementor-element elementor-element-31f4b91\" data-id=\"31f4b91\" data-element_type=\"column\">\n\t\t\t<div class=\"elementor-column-wrap elementor-element-populated\">\n\t\t\t\t\t\t\t<div class=\"elementor-widget-wrap\">\n\t\t\t\t\t\t<div class=\"elementor-element elementor-element-2201075 elementor-widget elementor-widget-image\" data-id=\"2201075\" data-element_type=\"widget\" data-widget_type=\"image.default\">\n\t\t\t\t<div class=\"elementor-widget-container\">\n\t\t\t\t\t\t\t\t<div class=\"elementor-image\">\n\t\t\t\t\t\t\t\t\t\t\t\t\t<a href=\"http:\/\/www.hanowerycsl.pl\/index.php\/2022_va_bene\/\">\n\t\t\t\t\t\t\t<img width=\"1200\" height=\"800\" src=\"https:\/\/www.hanowerycsl.pl\/wp-content\/uploads\/2026\/03\/2022_gniady_13.jpg\" class=\"attachment-full size-full\" alt=\"\" loading=\"lazy\" srcset=\"https:\/\/www.hanowerycsl.pl\/wp-content\/uploads\/2026\/03\/2022_gniady_13.jpg 1200w, https:\/\/www.hanowerycsl.pl\/wp-content\/uploads\/2026\/03\/2022_gniady_13-300x200.jpg 300w, https:\/\/www.hanowerycsl.pl\/wp-content\/uploads\/2026\/03\/2022_gniady_13-1024x683.jpg 1024w, https:\/\/www.hanowerycsl.pl\/wp-content\/uploads\/2026\/03\/2022_gniady_13-768x512.jpg 768w, https:\/\/www.hanowerycsl.pl\/wp-content\/uploads\/2026\/03\/2022_gniady_13-700x467.jpg 700w\" sizes=\"(max-width: 1200px) 100vw, 1200px\" \/>\t\t\t\t\t\t\t\t<\/a>\n\t\t\t\t\t\t\t\t\t\t\t\t\t\t<\/div>\n\t\t\t\t\t\t<\/div>\n\t\t\t\t<\/div>\n\t\t\t\t<div class=\"elementor-element elementor-element-65a7d20 elementor-widget elementor-widget-text-editor\" data-id=\"65a7d20\" data-element_type=\"widget\" data-widget_type=\"text-editor.default\">\n\t\t\t\t<div class=\"elementor-widget-container\">\n\t\t\t\t\t\t\t\t<div class=\"elementor-text-editor elementor-clearfix\">\n\t\t\t\t<h3><a href=\"http:\/\/www.hanowerycsl.pl\/index.php\/2022_va_bene\/\">O<\/a><\/h3>\t\t\t\t\t<\/div>\n\t\t\t\t\t\t<\/div>\n\t\t\t\t<\/div>\n\t\t\t\t<div class=\"elementor-element elementor-element-d0b6ae7 elementor-widget elementor-widget-text-editor\" data-id=\"d0b6ae7\" data-element_type=\"widget\" data-widget_type=\"text-editor.default\">\n\t\t\t\t<div class=\"elementor-widget-container\">\n\t\t\t\t\t\t\t\t<div class=\"elementor-text-editor elementor-clearfix\">\n\t\t\t\t<h6>Va Bene \/ Lauries Crusador xx \/ Wolkenstein II<\/h6><h6>rocznik 2022<\/h6>\t\t\t\t\t<\/div>\n\t\t\t\t\t\t<\/div>\n\t\t\t\t<\/div>\n\t\t\t\t<div class=\"elementor-element elementor-element-68eac4b elementor-widget elementor-widget-spacer\" data-id=\"68eac4b\" data-element_type=\"widget\" data-widget_type=\"spacer.default\">\n\t\t\t\t<div class=\"elementor-widget-container\">\n\t\t\t\t\t<div class=\"elementor-spacer\">\n\t\t\t<div class=\"elementor-spacer-inner\"><\/div>\n\t\t<\/div>\n\t\t\t\t<\/div>\n\t\t\t\t<\/div>\n\t\t\t\t<div class=\"elementor-element elementor-element-4ed7198 elementor-widget elementor-widget-text-editor\" data-id=\"4ed7198\" data-element_type=\"widget\" data-widget_type=\"text-editor.default\">\n\t\t\t\t<div class=\"elementor-widget-container\">\n\t\t\t\t\t\t\t\t<div class=\"elementor-text-editor elementor-clearfix\">\n\t\t\t\t<h6><a href=\"http:\/\/www.hanowerycsl.pl\/index.php\/2022_va_bene\/\"><em>czytaj wi\u0119cej<\/em><\/a><\/h6>\t\t\t\t\t<\/div>\n\t\t\t\t\t\t<\/div>\n\t\t\t\t<\/div>\n\t\t\t\t\t\t<\/div>\n\t\t\t\t\t<\/div>\n\t\t<\/div>\n\t\t\t\t<div class=\"elementor-column elementor-col-50 elementor-inner-column elementor-element elementor-element-6397984\" data-id=\"6397984\" data-element_type=\"column\">\n\t\t\t<div class=\"elementor-column-wrap elementor-element-populated\">\n\t\t\t\t\t\t\t<div class=\"elementor-widget-wrap\">\n\t\t\t\t\t\t<div class=\"elementor-element elementor-element-db4d3eb elementor-widget elementor-widget-image\" data-id=\"db4d3eb\" data-element_type=\"widget\" data-widget_type=\"image.default\">\n\t\t\t\t<div class=\"elementor-widget-container\">\n\t\t\t\t\t\t\t\t<div class=\"elementor-image\">\n\t\t\t\t\t\t\t\t\t\t\t\t\t<a href=\"http:\/\/www.hanowerycsl.pl\/index.php\/freja\/\">\n\t\t\t\t\t\t\t<img width=\"1200\" height=\"800\" src=\"https:\/\/www.hanowerycsl.pl\/wp-content\/uploads\/2026\/03\/6F5A0163.jpg\" class=\"attachment-full size-full\" alt=\"\" loading=\"lazy\" srcset=\"https:\/\/www.hanowerycsl.pl\/wp-content\/uploads\/2026\/03\/6F5A0163.jpg 1200w, https:\/\/www.hanowerycsl.pl\/wp-content\/uploads\/2026\/03\/6F5A0163-300x200.jpg 300w, https:\/\/www.hanowerycsl.pl\/wp-content\/uploads\/2026\/03\/6F5A0163-1024x683.jpg 1024w, https:\/\/www.hanowerycsl.pl\/wp-content\/uploads\/2026\/03\/6F5A0163-768x512.jpg 768w, https:\/\/www.hanowerycsl.pl\/wp-content\/uploads\/2026\/03\/6F5A0163-700x467.jpg 700w\" sizes=\"(max-width: 1200px) 100vw, 1200px\" \/>\t\t\t\t\t\t\t\t<\/a>\n\t\t\t\t\t\t\t\t\t\t\t\t\t\t<\/div>\n\t\t\t\t\t\t<\/div>\n\t\t\t\t<\/div>\n\t\t\t\t<div class=\"elementor-element elementor-element-9f180c5 elementor-widget elementor-widget-text-editor\" data-id=\"9f180c5\" data-element_type=\"widget\" data-widget_type=\"text-editor.default\">\n\t\t\t\t<div class=\"elementor-widget-container\">\n\t\t\t\t\t\t\t\t<div class=\"elementor-text-editor elementor-clearfix\">\n\t\t\t\t<h3><a href=\"http:\/\/www.hanowerycsl.pl\/index.php\/freja\">FREJA<\/a><\/h3>\t\t\t\t\t<\/div>\n\t\t\t\t\t\t<\/div>\n\t\t\t\t<\/div>\n\t\t\t\t<div class=\"elementor-element elementor-element-276f631 elementor-widget elementor-widget-text-editor\" data-id=\"276f631\" data-element_type=\"widget\" data-widget_type=\"text-editor.default\">\n\t\t\t\t<div class=\"elementor-widget-container\">\n\t\t\t\t\t\t\t\t<div class=\"elementor-text-editor elementor-clearfix\">\n\t\t\t\t<h6>F\u00fcrstenball \/ Don Primero \/ Werkant<\/h6><h6>rocznik 2022<\/h6>\t\t\t\t\t<\/div>\n\t\t\t\t\t\t<\/div>\n\t\t\t\t<\/div>\n\t\t\t\t<div class=\"elementor-element elementor-element-fae2222 elementor-widget elementor-widget-spacer\" data-id=\"fae2222\" data-element_type=\"widget\" data-widget_type=\"spacer.default\">\n\t\t\t\t<div class=\"elementor-widget-container\">\n\t\t\t\t\t<div class=\"elementor-spacer\">\n\t\t\t<div class=\"elementor-spacer-inner\"><\/div>\n\t\t<\/div>\n\t\t\t\t<\/div>\n\t\t\t\t<\/div>\n\t\t\t\t<div class=\"elementor-element elementor-element-3f31a1e elementor-widget elementor-widget-text-editor\" data-id=\"3f31a1e\" data-element_type=\"widget\" data-widget_type=\"text-editor.default\">\n\t\t\t\t<div class=\"elementor-widget-container\">\n\t\t\t\t\t\t\t\t<div class=\"elementor-text-editor elementor-clearfix\">\n\t\t\t\t<h6><a href=\"http:\/\/www.hanowerycsl.pl\/index.php\/freja\"><em>czytaj wi\u0119cej<\/em><\/a><\/h6>\t\t\t\t\t<\/div>\n\t\t\t\t\t\t<\/div>\n\t\t\t\t<\/div>\n\t\t\t\t\t\t<\/div>\n\t\t\t\t\t<\/div>\n\t\t<\/div>\n\t\t\t\t\t\t\t\t<\/div>\n\t\t\t\t\t<\/div>\n\t\t<\/section>\n\t\t\t\t<div class=\"elementor-element elementor-element-ccae5a4 elementor-widget elementor-widget-spacer\" data-id=\"ccae5a4\" data-element_type=\"widget\" data-widget_type=\"spacer.default\">\n\t\t\t\t<div class=\"elementor-widget-container\">\n\t\t\t\t\t<div class=\"elementor-spacer\">\n\t\t\t<div class=\"elementor-spacer-inner\"><\/div>\n\t\t<\/div>\n\t\t\t\t<\/div>\n\t\t\t\t<\/div>\n\t\t\t\t<div class=\"elementor-element elementor-element-be2d89c elementor-widget elementor-widget-text-editor\" data-id=\"be2d89c\" data-element_type=\"widget\" data-widget_type=\"text-editor.default\">\n\t\t\t\t<div class=\"elementor-widget-container\">\n\t\t\t\t\t\t\t\t<div class=\"elementor-text-editor elementor-clearfix\">\n\t\t\t\t<p data-start=\"133\" data-end=\"336\">Ch\u0119tnie odpowiemy na pytania. Zapraszamy do kontaktu!<\/p>\t\t\t\t\t<\/div>\n\t\t\t\t\t\t<\/div>\n\t\t\t\t<\/div>\n\t\t\t\t\t\t<\/div>\n\t\t\t\t\t<\/div>\n\t\t<\/div>\n\t\t\t\t\t\t\t\t<\/div>\n\t\t\t\t\t<\/div>\n\t\t<\/section>\n\t\t\t\t\t\t\t\t\t<\/div>\n\t\t\t<\/div>\n\t\t\t\t\t<\/div>\n\t\t","protected":false},"excerpt":{"rendered":"<p>przedstawiamy Konie uje\u017cd\u017ceniowe na sprzeda\u017c Prezentujemy pi\u0119\u0107 koni hanowerskich o doskona\u0142ych rodowodach uje\u017cd\u017ceniowych. W naszej ofercie znajduj\u0105 si\u0119 trzy m\u0142ode konie z rocznika 2023 oraz po jednym z rocznik\u00f3w 2022 i 2021. Oferowane konie wywodz\u0105 si\u0119 z linii znakomitych ogier\u00f3w, takich jak Danciero, Damaschino, F\u00fcrstenball&#8230;<\/p>\n","protected":false},"author":1,"featured_media":0,"parent":0,"menu_order":0,"comment_status":"closed","ping_status":"closed","template":"full_width.php","meta":[],"_links":{"self":[{"href":"https:\/\/www.hanowerycsl.pl\/index.php\/wp-json\/wp\/v2\/pages\/1140"}],"collection":[{"href":"https:\/\/www.hanowerycsl.pl\/index.php\/wp-json\/wp\/v2\/pages"}],"about":[{"href":"https:\/\/www.hanowerycsl.pl\/index.php\/wp-json\/wp\/v2\/types\/page"}],"author":[{"embeddable":true,"href":"https:\/\/www.hanowerycsl.pl\/index.php\/wp-json\/wp\/v2\/users\/1"}],"replies":[{"embeddable":true,"href":"https:\/\/www.hanowerycsl.pl\/index.php\/wp-json\/wp\/v2\/comments?post=1140"}],"version-history":[{"count":91,"href":"https:\/\/www.hanowerycsl.pl\/index.php\/wp-json\/wp\/v2\/pages\/1140\/revisions"}],"predecessor-version":[{"id":1886,"href":"https:\/\/www.hanowerycsl.pl\/index.php\/wp-json\/wp\/v2\/pages\/1140\/revisions\/1886"}],"wp:attachment":[{"href":"https:\/\/www.hanowerycsl.pl\/index.php\/wp-json\/wp\/v2\/media?parent=1140"}],"curies":[{"name":"wp","href":"https:\/\/api.w.org\/{rel}","templated":true}]}}