{"id":570,"date":"2021-01-24T01:39:21","date_gmt":"2021-01-24T01:39:21","guid":{"rendered":"http:\/\/www.hanowerycsl.pl\/?page_id=570"},"modified":"2026-03-26T11:21:22","modified_gmt":"2026-03-26T11:21:22","slug":"home-ii","status":"publish","type":"page","link":"https:\/\/www.hanowerycsl.pl\/","title":{"rendered":"home-II"},"content":{"rendered":"\t\t<div data-elementor-type=\"wp-page\" data-elementor-id=\"570\" class=\"elementor elementor-570\">\n\t\t\t\t\t\t<div class=\"elementor-inner\">\n\t\t\t\t<div class=\"elementor-section-wrap\">\n\t\t\t\t\t\t\t\t\t<section class=\"elementor-section elementor-top-section elementor-element elementor-element-3b0d18c elementor-section-full_width elementor-section-height-default elementor-section-height-default parallax_section_no qode_elementor_container_no\" data-id=\"3b0d18c\" data-element_type=\"section\">\n\t\t\t\t\t\t<div class=\"elementor-container elementor-column-gap-no\">\n\t\t\t\t\t\t\t<div class=\"elementor-row\">\n\t\t\t\t\t<div class=\"elementor-column elementor-col-100 elementor-top-column elementor-element elementor-element-b2f46ae\" data-id=\"b2f46ae\" data-element_type=\"column\">\n\t\t\t<div class=\"elementor-column-wrap elementor-element-populated\">\n\t\t\t\t\t\t\t<div class=\"elementor-widget-wrap\">\n\t\t\t\t\t\t<div class=\"elementor-element elementor-element-3934976 elementor-widget elementor-widget-bridge_masonry_gallery\" data-id=\"3934976\" data-element_type=\"widget\" data-widget_type=\"bridge_masonry_gallery.default\">\n\t\t\t\t<div class=\"elementor-widget-container\">\n\t\t\t<div class=\"masonry_gallery_holder  \" data-parallax_item_speed=\"0.3\" data-parallax_item_offset=\"0\"><div class=\"grid-sizer\"><\/div><article class=\"masonry_gallery_item square_big standard \"><div class = \"masonry_gallery_image_holder\"><img width=\"1000\" height=\"1000\" src=\"https:\/\/www.hanowerycsl.pl\/wp-content\/uploads\/2021\/01\/slider1-1000x1000.jpg\" class=\"attachment-portfolio_masonry_large size-portfolio_masonry_large wp-post-image\" alt=\"\" loading=\"lazy\" srcset=\"https:\/\/www.hanowerycsl.pl\/wp-content\/uploads\/2021\/01\/slider1-1000x1000.jpg 1000w, https:\/\/www.hanowerycsl.pl\/wp-content\/uploads\/2021\/01\/slider1-300x300.jpg 300w, https:\/\/www.hanowerycsl.pl\/wp-content\/uploads\/2021\/01\/slider1-1024x1024.jpg 1024w, https:\/\/www.hanowerycsl.pl\/wp-content\/uploads\/2021\/01\/slider1-150x150.jpg 150w, https:\/\/www.hanowerycsl.pl\/wp-content\/uploads\/2021\/01\/slider1-768x768.jpg 768w, https:\/\/www.hanowerycsl.pl\/wp-content\/uploads\/2021\/01\/slider1-570x570.jpg 570w, https:\/\/www.hanowerycsl.pl\/wp-content\/uploads\/2021\/01\/slider1-500x500.jpg 500w, https:\/\/www.hanowerycsl.pl\/wp-content\/uploads\/2021\/01\/slider1-700x700.jpg 700w, https:\/\/www.hanowerycsl.pl\/wp-content\/uploads\/2021\/01\/slider1.jpg 1200w\" sizes=\"(max-width: 1000px) 100vw, 1000px\" \/><\/div><div class=\"masonry_gallery_item_outer\"><div class=\"masonry_gallery_item_inner\"><div class=\"masonry_gallery_item_content\"><h3 itemprop=\"name\">k1<\/h3><\/div><\/div><\/div><\/article><article class=\"masonry_gallery_item square_small standard \"><div class = \"masonry_gallery_image_holder\"><img width=\"570\" height=\"570\" src=\"https:\/\/www.hanowerycsl.pl\/wp-content\/uploads\/2021\/01\/2-570x570.jpg\" class=\"attachment-portfolio-square size-portfolio-square wp-post-image\" alt=\"\" loading=\"lazy\" srcset=\"https:\/\/www.hanowerycsl.pl\/wp-content\/uploads\/2021\/01\/2-570x570.jpg 570w, https:\/\/www.hanowerycsl.pl\/wp-content\/uploads\/2021\/01\/2-150x150.jpg 150w, https:\/\/www.hanowerycsl.pl\/wp-content\/uploads\/2021\/01\/2-500x500.jpg 500w\" sizes=\"(max-width: 570px) 100vw, 570px\" \/><\/div><div class=\"masonry_gallery_item_outer\"><div class=\"masonry_gallery_item_inner\"><div class=\"masonry_gallery_item_content\"><h3 itemprop=\"name\">k2<\/h3><\/div><\/div><\/div><\/article><article class=\"masonry_gallery_item square_small standard \"><div class = \"masonry_gallery_image_holder\"><img width=\"570\" height=\"570\" src=\"https:\/\/www.hanowerycsl.pl\/wp-content\/uploads\/2021\/01\/slider2-570x570.jpg\" class=\"attachment-portfolio-square size-portfolio-square wp-post-image\" alt=\"\" loading=\"lazy\" srcset=\"https:\/\/www.hanowerycsl.pl\/wp-content\/uploads\/2021\/01\/slider2-570x570.jpg 570w, https:\/\/www.hanowerycsl.pl\/wp-content\/uploads\/2021\/01\/slider2-300x300.jpg 300w, https:\/\/www.hanowerycsl.pl\/wp-content\/uploads\/2021\/01\/slider2-1024x1024.jpg 1024w, https:\/\/www.hanowerycsl.pl\/wp-content\/uploads\/2021\/01\/slider2-150x150.jpg 150w, https:\/\/www.hanowerycsl.pl\/wp-content\/uploads\/2021\/01\/slider2-768x768.jpg 768w, https:\/\/www.hanowerycsl.pl\/wp-content\/uploads\/2021\/01\/slider2-500x500.jpg 500w, https:\/\/www.hanowerycsl.pl\/wp-content\/uploads\/2021\/01\/slider2-1000x1000.jpg 1000w, https:\/\/www.hanowerycsl.pl\/wp-content\/uploads\/2021\/01\/slider2-700x700.jpg 700w, https:\/\/www.hanowerycsl.pl\/wp-content\/uploads\/2021\/01\/slider2.jpg 1200w\" sizes=\"(max-width: 570px) 100vw, 570px\" \/><\/div><div class=\"masonry_gallery_item_outer\"><div class=\"masonry_gallery_item_inner\"><div class=\"masonry_gallery_item_content\"><h3 itemprop=\"name\">k3<\/h3><\/div><\/div><\/div><\/article><article class=\"masonry_gallery_item rectangle_landscape standard \"><div class = \"masonry_gallery_image_holder\"><img width=\"1000\" height=\"500\" src=\"https:\/\/www.hanowerycsl.pl\/wp-content\/uploads\/2021\/01\/slider4-1000x500.jpg\" class=\"attachment-portfolio_masonry_wide size-portfolio_masonry_wide wp-post-image\" alt=\"\" loading=\"lazy\" \/><\/div><div class=\"masonry_gallery_item_outer\"><div class=\"masonry_gallery_item_inner\"><div class=\"masonry_gallery_item_content\"><h3 itemprop=\"name\">k4<\/h3><\/div><\/div><\/div><\/article><\/div>\t\t<\/div>\n\t\t\t\t<\/div>\n\t\t\t\t<div class=\"elementor-element elementor-element-4548966 elementor-widget elementor-widget-spacer\" data-id=\"4548966\" data-element_type=\"widget\" data-widget_type=\"spacer.default\">\n\t\t\t\t<div class=\"elementor-widget-container\">\n\t\t\t\t\t<div class=\"elementor-spacer\">\n\t\t\t<div class=\"elementor-spacer-inner\"><\/div>\n\t\t<\/div>\n\t\t\t\t<\/div>\n\t\t\t\t<\/div>\n\t\t\t\t\t\t<\/div>\n\t\t\t\t\t<\/div>\n\t\t<\/div>\n\t\t\t\t\t\t\t\t<\/div>\n\t\t\t\t\t<\/div>\n\t\t<\/section>\n\t\t\t\t<section class=\"elementor-section elementor-top-section elementor-element elementor-element-6d97ad1 elementor-section-boxed elementor-section-height-default elementor-section-height-default parallax_section_no qode_elementor_container_no\" data-id=\"6d97ad1\" data-element_type=\"section\">\n\t\t\t\t\t\t<div class=\"elementor-container elementor-column-gap-default\">\n\t\t\t\t\t\t\t<div class=\"elementor-row\">\n\t\t\t\t\t<div class=\"elementor-column elementor-col-100 elementor-top-column elementor-element elementor-element-401028e\" data-id=\"401028e\" data-element_type=\"column\">\n\t\t\t<div class=\"elementor-column-wrap elementor-element-populated\">\n\t\t\t\t\t\t\t<div class=\"elementor-widget-wrap\">\n\t\t\t\t\t\t<div class=\"elementor-element elementor-element-51dfe45 elementor-widget elementor-widget-text-editor\" data-id=\"51dfe45\" data-element_type=\"widget\" data-widget_type=\"text-editor.default\">\n\t\t\t\t<div class=\"elementor-widget-container\">\n\t\t\t\t\t\t\t\t<div class=\"elementor-text-editor elementor-clearfix\">\n\t\t\t\t<h2>CSL HODOWLA KONI HANOWERSKICH<\/h2>\t\t\t\t\t<\/div>\n\t\t\t\t\t\t<\/div>\n\t\t\t\t<\/div>\n\t\t\t\t<section class=\"elementor-section elementor-inner-section elementor-element elementor-element-859fff6 elementor-section-boxed elementor-section-height-default elementor-section-height-default parallax_section_no qode_elementor_container_no\" data-id=\"859fff6\" data-element_type=\"section\">\n\t\t\t\t\t\t<div class=\"elementor-container elementor-column-gap-default\">\n\t\t\t\t\t\t\t<div class=\"elementor-row\">\n\t\t\t\t\t<div class=\"elementor-column elementor-col-100 elementor-inner-column elementor-element elementor-element-c77cb4b\" data-id=\"c77cb4b\" data-element_type=\"column\">\n\t\t\t<div class=\"elementor-column-wrap elementor-element-populated\">\n\t\t\t\t\t\t\t<div class=\"elementor-widget-wrap\">\n\t\t\t\t\t\t<div class=\"elementor-element elementor-element-e5deaec elementor-widget elementor-widget-text-editor\" data-id=\"e5deaec\" data-element_type=\"widget\" data-widget_type=\"text-editor.default\">\n\t\t\t\t<div class=\"elementor-widget-container\">\n\t\t\t\t\t\t\t\t<div class=\"elementor-text-editor elementor-clearfix\">\n\t\t\t\t<p>Wszystko ma sw\u00f3j pocz\u0105tek. I sw\u00f3j sens. Sens gdy rodzi si\u0119 z pasji. Kiedy postanowili\u015bmy po\u0142\u0105czy\u0107 swoje do\u015bwiadczenia oparte na niemal trzydziestoletniej hodowli koni rasy wielkopolskiej z pi\u0119tnastoletni\u0105 obserwacj\u0105 nowoczesnej niemieckiej hodowli uje\u017cd\u017ceniowych koni hanowerskich, za\u015bwita\u0142a w nas my\u015bl, aby pewnego dnia stworzy\u0107 w Polsce hodowl\u0119 na wz\u00f3r naszych zachodnich s\u0105siad\u00f3w. Zacz\u0119li\u015bmy od zakupu pierwszych klaczy.\u00a0 Nasza Hodowla Koni Hanowerskich CSL zosta\u0142a oficjalnie zarejestrowana w Hannoveraner Verband w Verden w Niemczech. Tym samym stali\u015bmy si\u0119 cz\u0119\u015bci\u0105 niezwyk\u0142ej organizacji, zrzeszaj\u0105cej 11,5 tys cz\u0142onk\u00f3w na ca\u0142ym \u015bwiecie, kt\u00f3ra organizuje od 1949 roku profesjonalne, nie maj\u0105ce sobie r\u00f3wnych aukcje koni hanowerskich.<\/p><p>\u00a0<\/p><p>Historia konia hanowerskiego zaczyna si\u0119 w 1735r. powsta\u0142 on tak naprawd\u0119 z konia pracuj\u0105cego z cz\u0142owiekiem w rolnictwie, w sporcie oraz w wojsku. Uszlachetniany poprzez krzy\u017cowanie z koniem pe\u0142nej krwi angielskiej, ko\u0144 hanowerski jest dzisiaj pod wzgl\u0119dem swoich cech fizycznych, temperamentu i charakteru koniem idealnym zar\u00f3wno do sportu wyczynowego jak i rekreacji. <br \/>A uje\u017cd\u017ceniowy ko\u0144 hanowerski? Ca\u0142a magia zaczyna si\u0119, kiedy konia hanowerskiego dosiada je\u017adziec&#8230;<\/p>\t\t\t\t\t<\/div>\n\t\t\t\t\t\t<\/div>\n\t\t\t\t<\/div>\n\t\t\t\t<div class=\"elementor-element elementor-element-d61a51e elementor-widget elementor-widget-image\" data-id=\"d61a51e\" data-element_type=\"widget\" data-widget_type=\"image.default\">\n\t\t\t\t<div class=\"elementor-widget-container\">\n\t\t\t\t\t\t\t\t<div class=\"elementor-image\">\n\t\t\t\t\t\t\t\t\t\t\t\t<img width=\"1350\" height=\"900\" src=\"https:\/\/www.hanowerycsl.pl\/wp-content\/uploads\/2025\/02\/2023_Douglas_5.jpg\" class=\"attachment-full size-full\" alt=\"\" loading=\"lazy\" srcset=\"https:\/\/www.hanowerycsl.pl\/wp-content\/uploads\/2025\/02\/2023_Douglas_5.jpg 1350w, https:\/\/www.hanowerycsl.pl\/wp-content\/uploads\/2025\/02\/2023_Douglas_5-300x200.jpg 300w, https:\/\/www.hanowerycsl.pl\/wp-content\/uploads\/2025\/02\/2023_Douglas_5-1024x683.jpg 1024w, https:\/\/www.hanowerycsl.pl\/wp-content\/uploads\/2025\/02\/2023_Douglas_5-768x512.jpg 768w, https:\/\/www.hanowerycsl.pl\/wp-content\/uploads\/2025\/02\/2023_Douglas_5-700x467.jpg 700w\" sizes=\"(max-width: 1350px) 100vw, 1350px\" \/>\t\t\t\t\t\t\t\t\t\t\t\t\t\t<\/div>\n\t\t\t\t\t\t<\/div>\n\t\t\t\t<\/div>\n\t\t\t\t<div class=\"elementor-element elementor-element-6a775ab elementor-widget elementor-widget-spacer\" data-id=\"6a775ab\" data-element_type=\"widget\" data-widget_type=\"spacer.default\">\n\t\t\t\t<div class=\"elementor-widget-container\">\n\t\t\t\t\t<div class=\"elementor-spacer\">\n\t\t\t<div class=\"elementor-spacer-inner\"><\/div>\n\t\t<\/div>\n\t\t\t\t<\/div>\n\t\t\t\t<\/div>\n\t\t\t\t\t\t<\/div>\n\t\t\t\t\t<\/div>\n\t\t<\/div>\n\t\t\t\t\t\t\t\t<\/div>\n\t\t\t\t\t<\/div>\n\t\t<\/section>\n\t\t\t\t<div class=\"elementor-element elementor-element-b58c100 elementor-widget elementor-widget-text-editor\" data-id=\"b58c100\" data-element_type=\"widget\" data-widget_type=\"text-editor.default\">\n\t\t\t\t<div class=\"elementor-widget-container\">\n\t\t\t\t\t\t\t\t<div class=\"elementor-text-editor elementor-clearfix\">\n\t\t\t\t<h2>KONIE NA SPRZEDA\u017b<\/h2>\t\t\t\t\t<\/div>\n\t\t\t\t\t\t<\/div>\n\t\t\t\t<\/div>\n\t\t\t\t<div class=\"elementor-element elementor-element-d85bb87 elementor-widget elementor-widget-text-editor\" data-id=\"d85bb87\" data-element_type=\"widget\" data-widget_type=\"text-editor.default\">\n\t\t\t\t<div class=\"elementor-widget-container\">\n\t\t\t\t\t\t\t\t<div class=\"elementor-text-editor elementor-clearfix\">\n\t\t\t\t<p data-start=\"133\" data-end=\"336\">Z dum\u0105 prezentujemy pi\u0119\u0107 koni hanowerskich o doskona\u0142ych rodowodach uje\u017cd\u017ceniowych. W naszej ofercie znajduj\u0105 si\u0119 trzy m\u0142ode konie z rocznika 2023 oraz po jednym z rocznik\u00f3w 2022 i 2021.<\/p><p data-start=\"338\" data-end=\"510\">Nasze konie wywodz\u0105 si\u0119 z linii znakomitych ogier\u00f3w, takich jak <strong data-start=\"402\" data-end=\"439\">Danciero, Damaschino, F\u00fcrstenball i Va Bene<\/strong>, gwarantuj\u0105cych znakomite predyspozycje do uje\u017cd\u017cenia.<\/p><p data-start=\"512\" data-end=\"582\">Po szczeg\u00f3\u0142owe informacje odsy\u0142amy do zak\u0142adki <strong><a href=\"http:\/\/www.hanowerycsl.pl\/index.php\/konie-na-sprzedaz\/\">&#8222;konie uje\u017cd\u017ceniowe na sprzeda\u017c&#8221;<\/a>.<\/strong><\/p>\t\t\t\t\t<\/div>\n\t\t\t\t\t\t<\/div>\n\t\t\t\t<\/div>\n\t\t\t\t<div class=\"elementor-element elementor-element-f1c3240 elementor-widget elementor-widget-image\" data-id=\"f1c3240\" data-element_type=\"widget\" data-widget_type=\"image.default\">\n\t\t\t\t<div class=\"elementor-widget-container\">\n\t\t\t\t\t\t\t\t<div class=\"elementor-image\">\n\t\t\t\t\t\t\t\t\t\t\t\t\t<a href=\"http:\/\/www.hanowerycsl.pl\/index.php\/2022_va_bene\/\">\n\t\t\t\t\t\t\t<img width=\"1024\" height=\"576\" src=\"https:\/\/www.hanowerycsl.pl\/wp-content\/uploads\/2026\/03\/2022_va_bene_sale-1024x576.jpg\" class=\"attachment-large size-large\" alt=\"\" loading=\"lazy\" srcset=\"https:\/\/www.hanowerycsl.pl\/wp-content\/uploads\/2026\/03\/2022_va_bene_sale-1024x576.jpg 1024w, https:\/\/www.hanowerycsl.pl\/wp-content\/uploads\/2026\/03\/2022_va_bene_sale-300x169.jpg 300w, https:\/\/www.hanowerycsl.pl\/wp-content\/uploads\/2026\/03\/2022_va_bene_sale-768x432.jpg 768w, https:\/\/www.hanowerycsl.pl\/wp-content\/uploads\/2026\/03\/2022_va_bene_sale-1536x864.jpg 1536w, https:\/\/www.hanowerycsl.pl\/wp-content\/uploads\/2026\/03\/2022_va_bene_sale-700x394.jpg 700w, https:\/\/www.hanowerycsl.pl\/wp-content\/uploads\/2026\/03\/2022_va_bene_sale-539x303.jpg 539w, https:\/\/www.hanowerycsl.pl\/wp-content\/uploads\/2026\/03\/2022_va_bene_sale.jpg 1920w\" sizes=\"(max-width: 1024px) 100vw, 1024px\" \/>\t\t\t\t\t\t\t\t<\/a>\n\t\t\t\t\t\t\t\t\t\t\t\t\t\t<\/div>\n\t\t\t\t\t\t<\/div>\n\t\t\t\t<\/div>\n\t\t\t\t<div class=\"elementor-element elementor-element-2f8801d elementor-widget elementor-widget-image\" data-id=\"2f8801d\" data-element_type=\"widget\" data-widget_type=\"image.default\">\n\t\t\t\t<div class=\"elementor-widget-container\">\n\t\t\t\t\t\t\t\t<div class=\"elementor-image\">\n\t\t\t\t\t\t\t\t\t\t\t\t\t<a href=\"https:\/\/www.hanowerycsl.pl\/index.php\/freja\/\">\n\t\t\t\t\t\t\t<img width=\"1024\" height=\"576\" src=\"https:\/\/www.hanowerycsl.pl\/wp-content\/uploads\/2026\/03\/freja-1024x576.jpg\" class=\"attachment-large size-large\" alt=\"\" loading=\"lazy\" srcset=\"https:\/\/www.hanowerycsl.pl\/wp-content\/uploads\/2026\/03\/freja-1024x576.jpg 1024w, https:\/\/www.hanowerycsl.pl\/wp-content\/uploads\/2026\/03\/freja-300x169.jpg 300w, https:\/\/www.hanowerycsl.pl\/wp-content\/uploads\/2026\/03\/freja-768x432.jpg 768w, https:\/\/www.hanowerycsl.pl\/wp-content\/uploads\/2026\/03\/freja-1536x864.jpg 1536w, https:\/\/www.hanowerycsl.pl\/wp-content\/uploads\/2026\/03\/freja-700x394.jpg 700w, https:\/\/www.hanowerycsl.pl\/wp-content\/uploads\/2026\/03\/freja-539x303.jpg 539w, https:\/\/www.hanowerycsl.pl\/wp-content\/uploads\/2026\/03\/freja.jpg 1920w\" sizes=\"(max-width: 1024px) 100vw, 1024px\" \/>\t\t\t\t\t\t\t\t<\/a>\n\t\t\t\t\t\t\t\t\t\t\t\t\t\t<\/div>\n\t\t\t\t\t\t<\/div>\n\t\t\t\t<\/div>\n\t\t\t\t<div class=\"elementor-element elementor-element-4b6901e elementor-widget elementor-widget-image\" data-id=\"4b6901e\" data-element_type=\"widget\" data-widget_type=\"image.default\">\n\t\t\t\t<div class=\"elementor-widget-container\">\n\t\t\t\t\t\t\t\t<div class=\"elementor-image\">\n\t\t\t\t\t\t\t\t\t\t\t\t\t<a href=\"https:\/\/www.hanowerycsl.pl\/index.php\/davidson\/\">\n\t\t\t\t\t\t\t<img width=\"1024\" height=\"576\" src=\"https:\/\/www.hanowerycsl.pl\/wp-content\/uploads\/2026\/03\/2023_davidson_sale-1024x576.jpg\" class=\"attachment-large size-large\" alt=\"\" loading=\"lazy\" srcset=\"https:\/\/www.hanowerycsl.pl\/wp-content\/uploads\/2026\/03\/2023_davidson_sale-1024x576.jpg 1024w, https:\/\/www.hanowerycsl.pl\/wp-content\/uploads\/2026\/03\/2023_davidson_sale-300x169.jpg 300w, https:\/\/www.hanowerycsl.pl\/wp-content\/uploads\/2026\/03\/2023_davidson_sale-768x432.jpg 768w, https:\/\/www.hanowerycsl.pl\/wp-content\/uploads\/2026\/03\/2023_davidson_sale-1536x864.jpg 1536w, https:\/\/www.hanowerycsl.pl\/wp-content\/uploads\/2026\/03\/2023_davidson_sale-700x394.jpg 700w, https:\/\/www.hanowerycsl.pl\/wp-content\/uploads\/2026\/03\/2023_davidson_sale-539x303.jpg 539w, https:\/\/www.hanowerycsl.pl\/wp-content\/uploads\/2026\/03\/2023_davidson_sale.jpg 1920w\" sizes=\"(max-width: 1024px) 100vw, 1024px\" \/>\t\t\t\t\t\t\t\t<\/a>\n\t\t\t\t\t\t\t\t\t\t\t\t\t\t<\/div>\n\t\t\t\t\t\t<\/div>\n\t\t\t\t<\/div>\n\t\t\t\t<div class=\"elementor-element elementor-element-7f3e370 elementor-widget elementor-widget-image\" data-id=\"7f3e370\" data-element_type=\"widget\" data-widget_type=\"image.default\">\n\t\t\t\t<div class=\"elementor-widget-container\">\n\t\t\t\t\t\t\t\t<div class=\"elementor-image\">\n\t\t\t\t\t\t\t\t\t\t\t\t\t<a href=\"https:\/\/www.hanowerycsl.pl\/index.php\/donello\/\">\n\t\t\t\t\t\t\t<img width=\"1024\" height=\"576\" src=\"https:\/\/www.hanowerycsl.pl\/wp-content\/uploads\/2025\/02\/donello-sale-1024x576.jpg\" class=\"attachment-large size-large\" alt=\"\" loading=\"lazy\" srcset=\"https:\/\/www.hanowerycsl.pl\/wp-content\/uploads\/2025\/02\/donello-sale-1024x576.jpg 1024w, https:\/\/www.hanowerycsl.pl\/wp-content\/uploads\/2025\/02\/donello-sale-300x169.jpg 300w, https:\/\/www.hanowerycsl.pl\/wp-content\/uploads\/2025\/02\/donello-sale-768x432.jpg 768w, https:\/\/www.hanowerycsl.pl\/wp-content\/uploads\/2025\/02\/donello-sale-1536x864.jpg 1536w, https:\/\/www.hanowerycsl.pl\/wp-content\/uploads\/2025\/02\/donello-sale-700x394.jpg 700w, https:\/\/www.hanowerycsl.pl\/wp-content\/uploads\/2025\/02\/donello-sale-539x303.jpg 539w, https:\/\/www.hanowerycsl.pl\/wp-content\/uploads\/2025\/02\/donello-sale.jpg 1920w\" sizes=\"(max-width: 1024px) 100vw, 1024px\" \/>\t\t\t\t\t\t\t\t<\/a>\n\t\t\t\t\t\t\t\t\t\t\t\t\t\t<\/div>\n\t\t\t\t\t\t<\/div>\n\t\t\t\t<\/div>\n\t\t\t\t<div class=\"elementor-element elementor-element-517167b elementor-widget elementor-widget-spacer\" data-id=\"517167b\" data-element_type=\"widget\" data-widget_type=\"spacer.default\">\n\t\t\t\t<div class=\"elementor-widget-container\">\n\t\t\t\t\t<div class=\"elementor-spacer\">\n\t\t\t<div class=\"elementor-spacer-inner\"><\/div>\n\t\t<\/div>\n\t\t\t\t<\/div>\n\t\t\t\t<\/div>\n\t\t\t\t\t\t<\/div>\n\t\t\t\t\t<\/div>\n\t\t<\/div>\n\t\t\t\t\t\t\t\t<\/div>\n\t\t\t\t\t<\/div>\n\t\t<\/section>\n\t\t\t\t\t\t\t\t\t<\/div>\n\t\t\t<\/div>\n\t\t\t\t\t<\/div>\n\t\t","protected":false},"excerpt":{"rendered":"<p>k1 k2 k3 k4 CSL HODOWLA KONI HANOWERSKICH Wszystko ma sw\u00f3j pocz\u0105tek. I sw\u00f3j sens. Sens gdy rodzi si\u0119 z pasji. Kiedy postanowili\u015bmy po\u0142\u0105czy\u0107 swoje do\u015bwiadczenia oparte na niemal trzydziestoletniej hodowli koni rasy wielkopolskiej z pi\u0119tnastoletni\u0105 obserwacj\u0105 nowoczesnej niemieckiej hodowli uje\u017cd\u017ceniowych koni hanowerskich, za\u015bwita\u0142a w&#8230;<\/p>\n","protected":false},"author":1,"featured_media":0,"parent":0,"menu_order":0,"comment_status":"closed","ping_status":"closed","template":"full_width.php","meta":[],"_links":{"self":[{"href":"https:\/\/www.hanowerycsl.pl\/index.php\/wp-json\/wp\/v2\/pages\/570"}],"collection":[{"href":"https:\/\/www.hanowerycsl.pl\/index.php\/wp-json\/wp\/v2\/pages"}],"about":[{"href":"https:\/\/www.hanowerycsl.pl\/index.php\/wp-json\/wp\/v2\/types\/page"}],"author":[{"embeddable":true,"href":"https:\/\/www.hanowerycsl.pl\/index.php\/wp-json\/wp\/v2\/users\/1"}],"replies":[{"embeddable":true,"href":"https:\/\/www.hanowerycsl.pl\/index.php\/wp-json\/wp\/v2\/comments?post=570"}],"version-history":[{"count":84,"href":"https:\/\/www.hanowerycsl.pl\/index.php\/wp-json\/wp\/v2\/pages\/570\/revisions"}],"predecessor-version":[{"id":1877,"href":"https:\/\/www.hanowerycsl.pl\/index.php\/wp-json\/wp\/v2\/pages\/570\/revisions\/1877"}],"wp:attachment":[{"href":"https:\/\/www.hanowerycsl.pl\/index.php\/wp-json\/wp\/v2\/media?parent=570"}],"curies":[{"name":"wp","href":"https:\/\/api.w.org\/{rel}","templated":true}]}}