{"id":633,"date":"2021-02-01T11:12:48","date_gmt":"2021-02-01T11:12:48","guid":{"rendered":"http:\/\/www.hanowerycsl.pl\/?page_id=633"},"modified":"2021-02-08T12:28:20","modified_gmt":"2021-02-08T12:28:20","slug":"folker-2","status":"publish","type":"page","link":"https:\/\/www.hanowerycsl.pl\/index.php\/folker-2\/","title":{"rendered":"folker-2"},"content":{"rendered":"\t\t<div data-elementor-type=\"wp-page\" data-elementor-id=\"633\" class=\"elementor elementor-633\">\n\t\t\t\t\t\t<div class=\"elementor-inner\">\n\t\t\t\t<div class=\"elementor-section-wrap\">\n\t\t\t\t\t\t\t\t\t<section class=\"elementor-section elementor-top-section elementor-element elementor-element-3b0d18c elementor-section-full_width elementor-section-height-default elementor-section-height-default parallax_section_no qode_elementor_container_no\" data-id=\"3b0d18c\" data-element_type=\"section\">\n\t\t\t\t\t\t<div class=\"elementor-container elementor-column-gap-no\">\n\t\t\t\t\t\t\t<div class=\"elementor-row\">\n\t\t\t\t\t<div class=\"elementor-column elementor-col-100 elementor-top-column elementor-element elementor-element-b2f46ae\" data-id=\"b2f46ae\" data-element_type=\"column\">\n\t\t\t<div class=\"elementor-column-wrap elementor-element-populated\">\n\t\t\t\t\t\t\t<div class=\"elementor-widget-wrap\">\n\t\t\t\t\t\t<div class=\"elementor-element elementor-element-9bb7dfe elementor-widget elementor-widget-image\" data-id=\"9bb7dfe\" data-element_type=\"widget\" data-widget_type=\"image.default\">\n\t\t\t\t<div class=\"elementor-widget-container\">\n\t\t\t\t\t\t\t\t<div class=\"elementor-image\">\n\t\t\t\t\t\t\t\t\t\t\t\t<img width=\"768\" height=\"576\" src=\"https:\/\/www.hanowerycsl.pl\/wp-content\/uploads\/2021\/02\/fokler2.jpg\" class=\"attachment-portfolio-landscape size-portfolio-landscape\" alt=\"\" loading=\"lazy\" srcset=\"https:\/\/www.hanowerycsl.pl\/wp-content\/uploads\/2021\/02\/fokler2.jpg 768w, https:\/\/www.hanowerycsl.pl\/wp-content\/uploads\/2021\/02\/fokler2-300x225.jpg 300w, https:\/\/www.hanowerycsl.pl\/wp-content\/uploads\/2021\/02\/fokler2-700x525.jpg 700w\" sizes=\"(max-width: 768px) 100vw, 768px\" \/>\t\t\t\t\t\t\t\t\t\t\t\t\t\t<\/div>\n\t\t\t\t\t\t<\/div>\n\t\t\t\t<\/div>\n\t\t\t\t\t\t<\/div>\n\t\t\t\t\t<\/div>\n\t\t<\/div>\n\t\t\t\t\t\t\t\t<\/div>\n\t\t\t\t\t<\/div>\n\t\t<\/section>\n\t\t\t\t<section class=\"elementor-section elementor-top-section elementor-element elementor-element-6d97ad1 elementor-section-boxed elementor-section-height-default elementor-section-height-default parallax_section_no qode_elementor_container_no\" data-id=\"6d97ad1\" data-element_type=\"section\">\n\t\t\t\t\t\t<div class=\"elementor-container elementor-column-gap-default\">\n\t\t\t\t\t\t\t<div class=\"elementor-row\">\n\t\t\t\t\t<div class=\"elementor-column elementor-col-100 elementor-top-column elementor-element elementor-element-401028e\" data-id=\"401028e\" data-element_type=\"column\">\n\t\t\t<div class=\"elementor-column-wrap elementor-element-populated\">\n\t\t\t\t\t\t\t<div class=\"elementor-widget-wrap\">\n\t\t\t\t\t\t<div class=\"elementor-element elementor-element-51dfe45 elementor-widget elementor-widget-text-editor\" data-id=\"51dfe45\" data-element_type=\"widget\" data-widget_type=\"text-editor.default\">\n\t\t\t\t<div class=\"elementor-widget-container\">\n\t\t\t\t\t\t\t\t<div class=\"elementor-text-editor elementor-clearfix\">\n\t\t\t\t<h2><span dir=\"auto\">FOLKER 2<br \/><\/span><\/h2>\t\t\t\t\t<\/div>\n\t\t\t\t\t\t<\/div>\n\t\t\t\t<\/div>\n\t\t\t\t<div class=\"elementor-element elementor-element-3d777d6 elementor-widget elementor-widget-text-editor\" data-id=\"3d777d6\" data-element_type=\"widget\" data-widget_type=\"text-editor.default\">\n\t\t\t\t<div class=\"elementor-widget-container\">\n\t\t\t\t\t\t\t\t<div class=\"elementor-text-editor elementor-clearfix\">\n\t\t\t\t<p><span dir=\"auto\">FOR EDITION \/ RAMIRO&#8217;S SON II \/ DURBRIDGE<br \/><\/span><\/p><p>rasa hanowerska<\/p><p><span dir=\"auto\">\u00a0<\/span><\/p>\t\t\t\t\t<\/div>\n\t\t\t\t\t\t<\/div>\n\t\t\t\t<\/div>\n\t\t\t\t<section class=\"elementor-section elementor-inner-section elementor-element elementor-element-7bdff26 elementor-section-boxed elementor-section-height-default elementor-section-height-default parallax_section_no qode_elementor_container_no\" data-id=\"7bdff26\" data-element_type=\"section\">\n\t\t\t\t\t\t<div class=\"elementor-container elementor-column-gap-default\">\n\t\t\t\t\t\t\t<div class=\"elementor-row\">\n\t\t\t\t\t<div class=\"elementor-column elementor-col-50 elementor-inner-column elementor-element elementor-element-c04346e\" data-id=\"c04346e\" data-element_type=\"column\">\n\t\t\t<div class=\"elementor-column-wrap elementor-element-populated\">\n\t\t\t\t\t\t\t<div class=\"elementor-widget-wrap\">\n\t\t\t\t\t\t<div class=\"elementor-element elementor-element-52e9eda elementor-widget elementor-widget-spacer\" data-id=\"52e9eda\" data-element_type=\"widget\" data-widget_type=\"spacer.default\">\n\t\t\t\t<div class=\"elementor-widget-container\">\n\t\t\t\t\t<div class=\"elementor-spacer\">\n\t\t\t<div class=\"elementor-spacer-inner\"><\/div>\n\t\t<\/div>\n\t\t\t\t<\/div>\n\t\t\t\t<\/div>\n\t\t\t\t<div class=\"elementor-element elementor-element-dccffc3 elementor-widget elementor-widget-text-editor\" data-id=\"dccffc3\" data-element_type=\"widget\" data-widget_type=\"text-editor.default\">\n\t\t\t\t<div class=\"elementor-widget-container\">\n\t\t\t\t\t\t\t\t<div class=\"elementor-text-editor elementor-clearfix\">\n\t\t\t\t<p><span dir=\"auto\">gniady, dostojny wa\u0142ach ,z dwiema bia\u0142ymi skarpetkami na tylnych nogach. Typ przytulasa, ale z w\u0142asnym zdaniem, bardzo pos\u0142uszny. <\/span><\/p><p>\u00a0<\/p><p><span dir=\"auto\">W roku 2015 mia\u0142 za sob\u0105 pierwsze udane\u00a0 starty w skokach w Niemczech w Elmlohe. W Polsce natomiast Folker 2 ma za sob\u0105 pierwsze udane starty r\u00f3wnie\u017c w czworoboku. Obecnie skacze do 1.20 m.<br \/><\/span><\/p>\t\t\t\t\t<\/div>\n\t\t\t\t\t\t<\/div>\n\t\t\t\t<\/div>\n\t\t\t\t\t\t<\/div>\n\t\t\t\t\t<\/div>\n\t\t<\/div>\n\t\t\t\t<div class=\"elementor-column elementor-col-50 elementor-inner-column elementor-element elementor-element-843f2f2\" data-id=\"843f2f2\" data-element_type=\"column\">\n\t\t\t<div class=\"elementor-column-wrap elementor-element-populated\">\n\t\t\t\t\t\t\t<div class=\"elementor-widget-wrap\">\n\t\t\t\t\t\t<div class=\"elementor-element elementor-element-305cf4e elementor-widget elementor-widget-image\" data-id=\"305cf4e\" data-element_type=\"widget\" data-widget_type=\"image.default\">\n\t\t\t\t<div class=\"elementor-widget-container\">\n\t\t\t\t\t\t\t\t<div class=\"elementor-image\">\n\t\t\t\t\t\t\t\t\t\t\t\t<img width=\"581\" height=\"872\" src=\"https:\/\/www.hanowerycsl.pl\/wp-content\/uploads\/2021\/02\/folker2_2.jpg\" class=\"attachment-large size-large\" alt=\"\" loading=\"lazy\" srcset=\"https:\/\/www.hanowerycsl.pl\/wp-content\/uploads\/2021\/02\/folker2_2.jpg 581w, https:\/\/www.hanowerycsl.pl\/wp-content\/uploads\/2021\/02\/folker2_2-200x300.jpg 200w\" sizes=\"(max-width: 581px) 100vw, 581px\" \/>\t\t\t\t\t\t\t\t\t\t\t\t\t\t<\/div>\n\t\t\t\t\t\t<\/div>\n\t\t\t\t<\/div>\n\t\t\t\t\t\t<\/div>\n\t\t\t\t\t<\/div>\n\t\t<\/div>\n\t\t\t\t\t\t\t\t<\/div>\n\t\t\t\t\t<\/div>\n\t\t<\/section>\n\t\t\t\t<div class=\"elementor-element elementor-element-0b91a57 elementor-widget elementor-widget-spacer\" data-id=\"0b91a57\" data-element_type=\"widget\" data-widget_type=\"spacer.default\">\n\t\t\t\t<div class=\"elementor-widget-container\">\n\t\t\t\t\t<div class=\"elementor-spacer\">\n\t\t\t<div class=\"elementor-spacer-inner\"><\/div>\n\t\t<\/div>\n\t\t\t\t<\/div>\n\t\t\t\t<\/div>\n\t\t\t\t<div class=\"elementor-element elementor-element-64a8b55 elementor-widget elementor-widget-spacer\" data-id=\"64a8b55\" data-element_type=\"widget\" data-widget_type=\"spacer.default\">\n\t\t\t\t<div class=\"elementor-widget-container\">\n\t\t\t\t\t<div class=\"elementor-spacer\">\n\t\t\t<div class=\"elementor-spacer-inner\"><\/div>\n\t\t<\/div>\n\t\t\t\t<\/div>\n\t\t\t\t<\/div>\n\t\t\t\t\t\t<\/div>\n\t\t\t\t\t<\/div>\n\t\t<\/div>\n\t\t\t\t\t\t\t\t<\/div>\n\t\t\t\t\t<\/div>\n\t\t<\/section>\n\t\t\t\t<section class=\"elementor-section elementor-top-section elementor-element elementor-element-57590a4 elementor-section-boxed elementor-section-height-default elementor-section-height-default parallax_section_no qode_elementor_container_no\" data-id=\"57590a4\" data-element_type=\"section\">\n\t\t\t\t\t\t<div class=\"elementor-container elementor-column-gap-default\">\n\t\t\t\t\t\t\t<div class=\"elementor-row\">\n\t\t\t\t\t<div class=\"elementor-column elementor-col-100 elementor-top-column elementor-element elementor-element-eecc0cb\" data-id=\"eecc0cb\" data-element_type=\"column\">\n\t\t\t<div class=\"elementor-column-wrap\">\n\t\t\t\t\t\t\t<div class=\"elementor-widget-wrap\">\n\t\t\t\t\t\t\t\t<\/div>\n\t\t\t\t\t<\/div>\n\t\t<\/div>\n\t\t\t\t\t\t\t\t<\/div>\n\t\t\t\t\t<\/div>\n\t\t<\/section>\n\t\t\t\t\t\t\t\t\t<\/div>\n\t\t\t<\/div>\n\t\t\t\t\t<\/div>\n\t\t","protected":false},"excerpt":{"rendered":"<p>FOLKER 2 FOR EDITION \/ RAMIRO&#8217;S SON II \/ DURBRIDGE rasa hanowerska \u00a0 gniady, dostojny wa\u0142ach ,z dwiema bia\u0142ymi skarpetkami na tylnych nogach. Typ przytulasa, ale z w\u0142asnym zdaniem, bardzo pos\u0142uszny. \u00a0 W roku 2015 mia\u0142 za sob\u0105 pierwsze udane\u00a0 starty w skokach w Niemczech&#8230;<\/p>\n","protected":false},"author":1,"featured_media":0,"parent":0,"menu_order":0,"comment_status":"closed","ping_status":"closed","template":"full_width.php","meta":[],"_links":{"self":[{"href":"https:\/\/www.hanowerycsl.pl\/index.php\/wp-json\/wp\/v2\/pages\/633"}],"collection":[{"href":"https:\/\/www.hanowerycsl.pl\/index.php\/wp-json\/wp\/v2\/pages"}],"about":[{"href":"https:\/\/www.hanowerycsl.pl\/index.php\/wp-json\/wp\/v2\/types\/page"}],"author":[{"embeddable":true,"href":"https:\/\/www.hanowerycsl.pl\/index.php\/wp-json\/wp\/v2\/users\/1"}],"replies":[{"embeddable":true,"href":"https:\/\/www.hanowerycsl.pl\/index.php\/wp-json\/wp\/v2\/comments?post=633"}],"version-history":[{"count":10,"href":"https:\/\/www.hanowerycsl.pl\/index.php\/wp-json\/wp\/v2\/pages\/633\/revisions"}],"predecessor-version":[{"id":1036,"href":"https:\/\/www.hanowerycsl.pl\/index.php\/wp-json\/wp\/v2\/pages\/633\/revisions\/1036"}],"wp:attachment":[{"href":"https:\/\/www.hanowerycsl.pl\/index.php\/wp-json\/wp\/v2\/media?parent=633"}],"curies":[{"name":"wp","href":"https:\/\/api.w.org\/{rel}","templated":true}]}}