{"id":787,"date":"2021-02-04T22:25:26","date_gmt":"2021-02-04T22:25:26","guid":{"rendered":"http:\/\/www.hanowerycsl.pl\/?page_id=787"},"modified":"2021-02-08T12:22:38","modified_gmt":"2021-02-08T12:22:38","slug":"finni-ii","status":"publish","type":"page","link":"https:\/\/www.hanowerycsl.pl\/index.php\/finni-ii\/","title":{"rendered":"finni-ii"},"content":{"rendered":"\t\t<div data-elementor-type=\"wp-page\" data-elementor-id=\"787\" class=\"elementor elementor-787\">\n\t\t\t\t\t\t<div class=\"elementor-inner\">\n\t\t\t\t<div class=\"elementor-section-wrap\">\n\t\t\t\t\t\t\t\t\t<section class=\"elementor-section elementor-top-section elementor-element elementor-element-3b0d18c elementor-section-full_width elementor-section-height-default elementor-section-height-default parallax_section_no qode_elementor_container_no\" data-id=\"3b0d18c\" data-element_type=\"section\">\n\t\t\t\t\t\t<div class=\"elementor-container elementor-column-gap-no\">\n\t\t\t\t\t\t\t<div class=\"elementor-row\">\n\t\t\t\t\t<div class=\"elementor-column elementor-col-100 elementor-top-column elementor-element elementor-element-b2f46ae\" data-id=\"b2f46ae\" data-element_type=\"column\">\n\t\t\t<div class=\"elementor-column-wrap elementor-element-populated\">\n\t\t\t\t\t\t\t<div class=\"elementor-widget-wrap\">\n\t\t\t\t\t\t<div class=\"elementor-element elementor-element-9bb7dfe elementor-widget elementor-widget-image\" data-id=\"9bb7dfe\" data-element_type=\"widget\" data-widget_type=\"image.default\">\n\t\t\t\t<div class=\"elementor-widget-container\">\n\t\t\t\t\t\t\t\t<div class=\"elementor-image\">\n\t\t\t\t\t\t\t\t\t\t\t\t<img width=\"800\" height=\"600\" src=\"https:\/\/www.hanowerycsl.pl\/wp-content\/uploads\/2021\/02\/finni-ii_5-800x600.jpg\" class=\"attachment-portfolio-landscape size-portfolio-landscape\" alt=\"\" loading=\"lazy\" \/>\t\t\t\t\t\t\t\t\t\t\t\t\t\t<\/div>\n\t\t\t\t\t\t<\/div>\n\t\t\t\t<\/div>\n\t\t\t\t\t\t<\/div>\n\t\t\t\t\t<\/div>\n\t\t<\/div>\n\t\t\t\t\t\t\t\t<\/div>\n\t\t\t\t\t<\/div>\n\t\t<\/section>\n\t\t\t\t<section class=\"elementor-section elementor-top-section elementor-element elementor-element-6d97ad1 elementor-section-boxed elementor-section-height-default elementor-section-height-default parallax_section_no qode_elementor_container_no\" data-id=\"6d97ad1\" data-element_type=\"section\">\n\t\t\t\t\t\t<div class=\"elementor-container elementor-column-gap-default\">\n\t\t\t\t\t\t\t<div class=\"elementor-row\">\n\t\t\t\t\t<div class=\"elementor-column elementor-col-100 elementor-top-column elementor-element elementor-element-401028e\" data-id=\"401028e\" data-element_type=\"column\">\n\t\t\t<div class=\"elementor-column-wrap elementor-element-populated\">\n\t\t\t\t\t\t\t<div class=\"elementor-widget-wrap\">\n\t\t\t\t\t\t<div class=\"elementor-element elementor-element-51dfe45 elementor-widget elementor-widget-text-editor\" data-id=\"51dfe45\" data-element_type=\"widget\" data-widget_type=\"text-editor.default\">\n\t\t\t\t<div class=\"elementor-widget-container\">\n\t\t\t\t\t\t\t\t<div class=\"elementor-text-editor elementor-clearfix\">\n\t\t\t\t<h2><span dir=\"auto\">FINNI II<br \/><\/span><\/h2>\t\t\t\t\t<\/div>\n\t\t\t\t\t\t<\/div>\n\t\t\t\t<\/div>\n\t\t\t\t<div class=\"elementor-element elementor-element-3d777d6 elementor-widget elementor-widget-text-editor\" data-id=\"3d777d6\" data-element_type=\"widget\" data-widget_type=\"text-editor.default\">\n\t\t\t\t<div class=\"elementor-widget-container\">\n\t\t\t\t\t\t\t\t<div class=\"elementor-text-editor elementor-clearfix\">\n\t\t\t\t<p><span dir=\"auto\">FINEST \/ DANCIER \/ WOLKENSTEIN II<br \/><\/span><\/p><p>rasa hanowerska<\/p><p>2020<\/p><p><span dir=\"auto\">\u00a0<\/span><\/p>\t\t\t\t\t<\/div>\n\t\t\t\t\t\t<\/div>\n\t\t\t\t<\/div>\n\t\t\t\t<section class=\"elementor-section elementor-inner-section elementor-element elementor-element-7bdff26 elementor-section-boxed elementor-section-height-default elementor-section-height-default parallax_section_no qode_elementor_container_no\" data-id=\"7bdff26\" data-element_type=\"section\">\n\t\t\t\t\t\t<div class=\"elementor-container elementor-column-gap-default\">\n\t\t\t\t\t\t\t<div class=\"elementor-row\">\n\t\t\t\t\t<div class=\"elementor-column elementor-col-50 elementor-inner-column elementor-element elementor-element-c04346e\" data-id=\"c04346e\" data-element_type=\"column\">\n\t\t\t<div class=\"elementor-column-wrap elementor-element-populated\">\n\t\t\t\t\t\t\t<div class=\"elementor-widget-wrap\">\n\t\t\t\t\t\t<div class=\"elementor-element elementor-element-52e9eda elementor-widget elementor-widget-spacer\" data-id=\"52e9eda\" data-element_type=\"widget\" data-widget_type=\"spacer.default\">\n\t\t\t\t<div class=\"elementor-widget-container\">\n\t\t\t\t\t<div class=\"elementor-spacer\">\n\t\t\t<div class=\"elementor-spacer-inner\"><\/div>\n\t\t<\/div>\n\t\t\t\t<\/div>\n\t\t\t\t<\/div>\n\t\t\t\t<div class=\"elementor-element elementor-element-dccffc3 elementor-widget elementor-widget-text-editor\" data-id=\"dccffc3\" data-element_type=\"widget\" data-widget_type=\"text-editor.default\">\n\t\t\t\t<div class=\"elementor-widget-container\">\n\t\t\t\t\t\t\t\t<div class=\"elementor-text-editor elementor-clearfix\">\n\t\t\t\t<p>D\u0142ugonogi, kolejny kruczoczarny ogierek w naszej hodowli, r\u00f3wnie doskona\u0142y jak jego brat\u00a0 z 2018 roku.<\/p><p>\u00a0<\/p><p>Vice-Champion \u017arebi\u0105t uje\u017cd\u017ceniowych Dni Konia Hanowerskiego w Kunowie 2020. Premiowany ogierek, dodatkowo uhonorowany GOLD MEDAL FOAL przez Mi\u0119dzynarodow\u0105 Komisj\u0119 pod przewodnictwem samego\u00a0 Przewodnicz\u0105cego Zwi\u0105zku Hanowerskiego Verden NIEMCY Pana Hansa Henninga von der Decken.<\/p>\t\t\t\t\t<\/div>\n\t\t\t\t\t\t<\/div>\n\t\t\t\t<\/div>\n\t\t\t\t\t\t<\/div>\n\t\t\t\t\t<\/div>\n\t\t<\/div>\n\t\t\t\t<div class=\"elementor-column elementor-col-50 elementor-inner-column elementor-element elementor-element-843f2f2\" data-id=\"843f2f2\" data-element_type=\"column\">\n\t\t\t<div class=\"elementor-column-wrap elementor-element-populated\">\n\t\t\t\t\t\t\t<div class=\"elementor-widget-wrap\">\n\t\t\t\t\t\t<div class=\"elementor-element elementor-element-305cf4e elementor-widget elementor-widget-image\" data-id=\"305cf4e\" data-element_type=\"widget\" data-widget_type=\"image.default\">\n\t\t\t\t<div class=\"elementor-widget-container\">\n\t\t\t\t\t\t\t\t<div class=\"elementor-image\">\n\t\t\t\t\t\t\t\t\t\t\t\t<img width=\"683\" height=\"1024\" src=\"https:\/\/www.hanowerycsl.pl\/wp-content\/uploads\/2021\/02\/finni-ii_3-1-683x1024.jpg\" class=\"attachment-large size-large\" alt=\"\" loading=\"lazy\" srcset=\"https:\/\/www.hanowerycsl.pl\/wp-content\/uploads\/2021\/02\/finni-ii_3-1-683x1024.jpg 683w, https:\/\/www.hanowerycsl.pl\/wp-content\/uploads\/2021\/02\/finni-ii_3-1-200x300.jpg 200w, https:\/\/www.hanowerycsl.pl\/wp-content\/uploads\/2021\/02\/finni-ii_3-1-768x1152.jpg 768w, https:\/\/www.hanowerycsl.pl\/wp-content\/uploads\/2021\/02\/finni-ii_3-1-700x1050.jpg 700w, https:\/\/www.hanowerycsl.pl\/wp-content\/uploads\/2021\/02\/finni-ii_3-1.jpg 800w\" sizes=\"(max-width: 683px) 100vw, 683px\" \/>\t\t\t\t\t\t\t\t\t\t\t\t\t\t<\/div>\n\t\t\t\t\t\t<\/div>\n\t\t\t\t<\/div>\n\t\t\t\t\t\t<\/div>\n\t\t\t\t\t<\/div>\n\t\t<\/div>\n\t\t\t\t\t\t\t\t<\/div>\n\t\t\t\t\t<\/div>\n\t\t<\/section>\n\t\t\t\t<div class=\"elementor-element elementor-element-0b91a57 elementor-widget elementor-widget-spacer\" data-id=\"0b91a57\" data-element_type=\"widget\" data-widget_type=\"spacer.default\">\n\t\t\t\t<div class=\"elementor-widget-container\">\n\t\t\t\t\t<div class=\"elementor-spacer\">\n\t\t\t<div class=\"elementor-spacer-inner\"><\/div>\n\t\t<\/div>\n\t\t\t\t<\/div>\n\t\t\t\t<\/div>\n\t\t\t\t<div class=\"elementor-element elementor-element-64a8b55 elementor-widget elementor-widget-spacer\" data-id=\"64a8b55\" data-element_type=\"widget\" data-widget_type=\"spacer.default\">\n\t\t\t\t<div class=\"elementor-widget-container\">\n\t\t\t\t\t<div class=\"elementor-spacer\">\n\t\t\t<div class=\"elementor-spacer-inner\"><\/div>\n\t\t<\/div>\n\t\t\t\t<\/div>\n\t\t\t\t<\/div>\n\t\t\t\t\t\t<\/div>\n\t\t\t\t\t<\/div>\n\t\t<\/div>\n\t\t\t\t\t\t\t\t<\/div>\n\t\t\t\t\t<\/div>\n\t\t<\/section>\n\t\t\t\t<section class=\"elementor-section elementor-top-section elementor-element elementor-element-62be958 elementor-section-boxed elementor-section-height-default elementor-section-height-default parallax_section_no qode_elementor_container_no\" data-id=\"62be958\" data-element_type=\"section\">\n\t\t\t\t\t\t<div class=\"elementor-container elementor-column-gap-default\">\n\t\t\t\t\t\t\t<div class=\"elementor-row\">\n\t\t\t\t\t<div class=\"elementor-column elementor-col-100 elementor-top-column elementor-element elementor-element-597ea87\" data-id=\"597ea87\" data-element_type=\"column\">\n\t\t\t<div class=\"elementor-column-wrap elementor-element-populated\">\n\t\t\t\t\t\t\t<div class=\"elementor-widget-wrap\">\n\t\t\t\t\t\t<div class=\"elementor-element elementor-element-ba1fa7e elementor-widget elementor-widget-image\" data-id=\"ba1fa7e\" data-element_type=\"widget\" data-widget_type=\"image.default\">\n\t\t\t\t<div class=\"elementor-widget-container\">\n\t\t\t\t\t\t\t\t<div class=\"elementor-image\">\n\t\t\t\t\t\t\t\t\t<figure class=\"wp-caption\">\n\t\t\t\t\t\t\t\t\t\t<img width=\"1024\" height=\"683\" src=\"https:\/\/www.hanowerycsl.pl\/wp-content\/uploads\/2021\/02\/finni-ii_4-1024x683.jpg\" class=\"attachment-large size-large\" alt=\"\" loading=\"lazy\" srcset=\"https:\/\/www.hanowerycsl.pl\/wp-content\/uploads\/2021\/02\/finni-ii_4-1024x683.jpg 1024w, https:\/\/www.hanowerycsl.pl\/wp-content\/uploads\/2021\/02\/finni-ii_4-300x200.jpg 300w, https:\/\/www.hanowerycsl.pl\/wp-content\/uploads\/2021\/02\/finni-ii_4-768x512.jpg 768w, https:\/\/www.hanowerycsl.pl\/wp-content\/uploads\/2021\/02\/finni-ii_4-700x467.jpg 700w, https:\/\/www.hanowerycsl.pl\/wp-content\/uploads\/2021\/02\/finni-ii_4.jpg 1200w\" sizes=\"(max-width: 1024px) 100vw, 1024px\" \/>\t\t\t\t\t\t\t\t\t\t\t<figcaption class=\"widget-image-caption wp-caption-text\">Finni II na Dniach Konia Hanowerskiego w Kunowie, 2020<\/figcaption>\n\t\t\t\t\t\t\t\t\t\t<\/figure>\n\t\t\t\t\t\t\t\t<\/div>\n\t\t\t\t\t\t<\/div>\n\t\t\t\t<\/div>\n\t\t\t\t\t\t<\/div>\n\t\t\t\t\t<\/div>\n\t\t<\/div>\n\t\t\t\t\t\t\t\t<\/div>\n\t\t\t\t\t<\/div>\n\t\t<\/section>\n\t\t\t\t<section class=\"elementor-section elementor-top-section elementor-element elementor-element-f67fdce elementor-section-boxed elementor-section-height-default elementor-section-height-default parallax_section_no qode_elementor_container_no\" data-id=\"f67fdce\" data-element_type=\"section\">\n\t\t\t\t\t\t<div class=\"elementor-container elementor-column-gap-default\">\n\t\t\t\t\t\t\t<div class=\"elementor-row\">\n\t\t\t\t\t<div class=\"elementor-column elementor-col-100 elementor-top-column elementor-element elementor-element-a36834f\" data-id=\"a36834f\" data-element_type=\"column\">\n\t\t\t<div class=\"elementor-column-wrap elementor-element-populated\">\n\t\t\t\t\t\t\t<div class=\"elementor-widget-wrap\">\n\t\t\t\t\t\t<div class=\"elementor-element elementor-element-fd5cc15 elementor-widget elementor-widget-image\" data-id=\"fd5cc15\" data-element_type=\"widget\" data-widget_type=\"image.default\">\n\t\t\t\t<div class=\"elementor-widget-container\">\n\t\t\t\t\t\t\t\t<div class=\"elementor-image\">\n\t\t\t\t\t\t\t\t\t<figure class=\"wp-caption\">\n\t\t\t\t\t\t\t\t\t\t<img width=\"1024\" height=\"683\" src=\"https:\/\/www.hanowerycsl.pl\/wp-content\/uploads\/2021\/02\/finni-ii_1-1024x683.jpg\" class=\"attachment-large size-large\" alt=\"\" loading=\"lazy\" srcset=\"https:\/\/www.hanowerycsl.pl\/wp-content\/uploads\/2021\/02\/finni-ii_1-1024x683.jpg 1024w, https:\/\/www.hanowerycsl.pl\/wp-content\/uploads\/2021\/02\/finni-ii_1-300x200.jpg 300w, https:\/\/www.hanowerycsl.pl\/wp-content\/uploads\/2021\/02\/finni-ii_1-768x512.jpg 768w, https:\/\/www.hanowerycsl.pl\/wp-content\/uploads\/2021\/02\/finni-ii_1-700x467.jpg 700w, https:\/\/www.hanowerycsl.pl\/wp-content\/uploads\/2021\/02\/finni-ii_1.jpg 1200w\" sizes=\"(max-width: 1024px) 100vw, 1024px\" \/>\t\t\t\t\t\t\t\t\t\t\t<figcaption class=\"widget-image-caption wp-caption-text\">Finni II na Dniach Konia Hanowerskiego w Kunowie, 2020<\/figcaption>\n\t\t\t\t\t\t\t\t\t\t<\/figure>\n\t\t\t\t\t\t\t\t<\/div>\n\t\t\t\t\t\t<\/div>\n\t\t\t\t<\/div>\n\t\t\t\t\t\t<\/div>\n\t\t\t\t\t<\/div>\n\t\t<\/div>\n\t\t\t\t\t\t\t\t<\/div>\n\t\t\t\t\t<\/div>\n\t\t<\/section>\n\t\t\t\t<section class=\"elementor-section elementor-top-section elementor-element elementor-element-0d25f4b elementor-section-boxed elementor-section-height-default elementor-section-height-default parallax_section_no qode_elementor_container_no\" data-id=\"0d25f4b\" data-element_type=\"section\">\n\t\t\t\t\t\t<div class=\"elementor-container elementor-column-gap-default\">\n\t\t\t\t\t\t\t<div class=\"elementor-row\">\n\t\t\t\t\t<div class=\"elementor-column elementor-col-100 elementor-top-column elementor-element elementor-element-6473032\" data-id=\"6473032\" data-element_type=\"column\">\n\t\t\t<div class=\"elementor-column-wrap elementor-element-populated\">\n\t\t\t\t\t\t\t<div class=\"elementor-widget-wrap\">\n\t\t\t\t\t\t<div class=\"elementor-element elementor-element-0487a81 elementor-widget elementor-widget-image\" data-id=\"0487a81\" data-element_type=\"widget\" data-widget_type=\"image.default\">\n\t\t\t\t<div class=\"elementor-widget-container\">\n\t\t\t\t\t\t\t\t<div class=\"elementor-image\">\n\t\t\t\t\t\t\t\t\t<figure class=\"wp-caption\">\n\t\t\t\t\t\t\t\t\t\t<img width=\"1024\" height=\"683\" src=\"https:\/\/www.hanowerycsl.pl\/wp-content\/uploads\/2021\/02\/finni-ii_2-1024x683.jpg\" class=\"attachment-large size-large\" alt=\"\" loading=\"lazy\" srcset=\"https:\/\/www.hanowerycsl.pl\/wp-content\/uploads\/2021\/02\/finni-ii_2-1024x683.jpg 1024w, https:\/\/www.hanowerycsl.pl\/wp-content\/uploads\/2021\/02\/finni-ii_2-300x200.jpg 300w, https:\/\/www.hanowerycsl.pl\/wp-content\/uploads\/2021\/02\/finni-ii_2-768x512.jpg 768w, https:\/\/www.hanowerycsl.pl\/wp-content\/uploads\/2021\/02\/finni-ii_2-700x467.jpg 700w, https:\/\/www.hanowerycsl.pl\/wp-content\/uploads\/2021\/02\/finni-ii_2.jpg 1200w\" sizes=\"(max-width: 1024px) 100vw, 1024px\" \/>\t\t\t\t\t\t\t\t\t\t\t<figcaption class=\"widget-image-caption wp-caption-text\">Finni II na Dniach Konia Hanowerskiego w Kunowie, 2020<\/figcaption>\n\t\t\t\t\t\t\t\t\t\t<\/figure>\n\t\t\t\t\t\t\t\t<\/div>\n\t\t\t\t\t\t<\/div>\n\t\t\t\t<\/div>\n\t\t\t\t\t\t<\/div>\n\t\t\t\t\t<\/div>\n\t\t<\/div>\n\t\t\t\t\t\t\t\t<\/div>\n\t\t\t\t\t<\/div>\n\t\t<\/section>\n\t\t\t\t\t\t\t\t\t<\/div>\n\t\t\t<\/div>\n\t\t\t\t\t<\/div>\n\t\t","protected":false},"excerpt":{"rendered":"<p>FINNI II FINEST \/ DANCIER \/ WOLKENSTEIN II rasa hanowerska 2020 \u00a0 D\u0142ugonogi, kolejny kruczoczarny ogierek w naszej hodowli, r\u00f3wnie doskona\u0142y jak jego brat\u00a0 z 2018 roku. \u00a0 Vice-Champion \u017arebi\u0105t uje\u017cd\u017ceniowych Dni Konia Hanowerskiego w Kunowie 2020. Premiowany ogierek, dodatkowo uhonorowany GOLD MEDAL FOAL przez&#8230;<\/p>\n","protected":false},"author":1,"featured_media":0,"parent":0,"menu_order":0,"comment_status":"closed","ping_status":"closed","template":"full_width.php","meta":[],"_links":{"self":[{"href":"https:\/\/www.hanowerycsl.pl\/index.php\/wp-json\/wp\/v2\/pages\/787"}],"collection":[{"href":"https:\/\/www.hanowerycsl.pl\/index.php\/wp-json\/wp\/v2\/pages"}],"about":[{"href":"https:\/\/www.hanowerycsl.pl\/index.php\/wp-json\/wp\/v2\/types\/page"}],"author":[{"embeddable":true,"href":"https:\/\/www.hanowerycsl.pl\/index.php\/wp-json\/wp\/v2\/users\/1"}],"replies":[{"embeddable":true,"href":"https:\/\/www.hanowerycsl.pl\/index.php\/wp-json\/wp\/v2\/comments?post=787"}],"version-history":[{"count":10,"href":"https:\/\/www.hanowerycsl.pl\/index.php\/wp-json\/wp\/v2\/pages\/787\/revisions"}],"predecessor-version":[{"id":1012,"href":"https:\/\/www.hanowerycsl.pl\/index.php\/wp-json\/wp\/v2\/pages\/787\/revisions\/1012"}],"wp:attachment":[{"href":"https:\/\/www.hanowerycsl.pl\/index.php\/wp-json\/wp\/v2\/media?parent=787"}],"curies":[{"name":"wp","href":"https:\/\/api.w.org\/{rel}","templated":true}]}}