{"id":837,"date":"2021-02-05T11:23:31","date_gmt":"2021-02-05T11:23:31","guid":{"rendered":"http:\/\/www.hanowerycsl.pl\/?page_id=837"},"modified":"2022-03-31T11:15:37","modified_gmt":"2022-03-31T11:15:37","slug":"o-nas","status":"publish","type":"page","link":"https:\/\/www.hanowerycsl.pl\/index.php\/o-nas\/","title":{"rendered":"o-nas"},"content":{"rendered":"\t\t<div data-elementor-type=\"wp-page\" data-elementor-id=\"837\" class=\"elementor elementor-837\">\n\t\t\t\t\t\t<div class=\"elementor-inner\">\n\t\t\t\t<div class=\"elementor-section-wrap\">\n\t\t\t\t\t\t\t\t\t<section class=\"elementor-section elementor-top-section elementor-element elementor-element-3b0d18c elementor-section-full_width elementor-section-height-default elementor-section-height-default parallax_section_no qode_elementor_container_no\" data-id=\"3b0d18c\" data-element_type=\"section\">\n\t\t\t\t\t\t<div class=\"elementor-container elementor-column-gap-no\">\n\t\t\t\t\t\t\t<div class=\"elementor-row\">\n\t\t\t\t\t<div class=\"elementor-column elementor-col-100 elementor-top-column elementor-element elementor-element-b2f46ae\" data-id=\"b2f46ae\" data-element_type=\"column\">\n\t\t\t<div class=\"elementor-column-wrap elementor-element-populated\">\n\t\t\t\t\t\t\t<div class=\"elementor-widget-wrap\">\n\t\t\t\t\t\t<div class=\"elementor-element elementor-element-9bb7dfe elementor-widget elementor-widget-image\" data-id=\"9bb7dfe\" data-element_type=\"widget\" data-widget_type=\"image.default\">\n\t\t\t\t<div class=\"elementor-widget-container\">\n\t\t\t\t\t\t\t\t<div class=\"elementor-image\">\n\t\t\t\t\t\t\t\t\t\t\t\t<img width=\"800\" height=\"600\" src=\"https:\/\/www.hanowerycsl.pl\/wp-content\/uploads\/2021\/02\/fellini_4-800x600.jpg\" class=\"attachment-portfolio-landscape size-portfolio-landscape\" alt=\"\" loading=\"lazy\" \/>\t\t\t\t\t\t\t\t\t\t\t\t\t\t<\/div>\n\t\t\t\t\t\t<\/div>\n\t\t\t\t<\/div>\n\t\t\t\t\t\t<\/div>\n\t\t\t\t\t<\/div>\n\t\t<\/div>\n\t\t\t\t\t\t\t\t<\/div>\n\t\t\t\t\t<\/div>\n\t\t<\/section>\n\t\t\t\t<section class=\"elementor-section elementor-top-section elementor-element elementor-element-6d97ad1 elementor-section-boxed elementor-section-height-default elementor-section-height-default parallax_section_no qode_elementor_container_no\" data-id=\"6d97ad1\" data-element_type=\"section\">\n\t\t\t\t\t\t<div class=\"elementor-container elementor-column-gap-default\">\n\t\t\t\t\t\t\t<div class=\"elementor-row\">\n\t\t\t\t\t<div class=\"elementor-column elementor-col-100 elementor-top-column elementor-element elementor-element-401028e\" data-id=\"401028e\" data-element_type=\"column\">\n\t\t\t<div class=\"elementor-column-wrap elementor-element-populated\">\n\t\t\t\t\t\t\t<div class=\"elementor-widget-wrap\">\n\t\t\t\t\t\t<div class=\"elementor-element elementor-element-51dfe45 elementor-widget elementor-widget-text-editor\" data-id=\"51dfe45\" data-element_type=\"widget\" data-widget_type=\"text-editor.default\">\n\t\t\t\t<div class=\"elementor-widget-container\">\n\t\t\t\t\t\t\t\t<div class=\"elementor-text-editor elementor-clearfix\">\n\t\t\t\t<h2><span dir=\"auto\">O NASZEJ HODOWLI<br \/><\/span><\/h2>\t\t\t\t\t<\/div>\n\t\t\t\t\t\t<\/div>\n\t\t\t\t<\/div>\n\t\t\t\t<div class=\"elementor-element elementor-element-3d777d6 elementor-widget elementor-widget-text-editor\" data-id=\"3d777d6\" data-element_type=\"widget\" data-widget_type=\"text-editor.default\">\n\t\t\t\t<div class=\"elementor-widget-container\">\n\t\t\t\t\t\t\t\t<div class=\"elementor-text-editor elementor-clearfix\">\n\t\t\t\t\t\t\t\t\t<\/div>\n\t\t\t\t\t\t<\/div>\n\t\t\t\t<\/div>\n\t\t\t\t\t\t<\/div>\n\t\t\t\t\t<\/div>\n\t\t<\/div>\n\t\t\t\t\t\t\t\t<\/div>\n\t\t\t\t\t<\/div>\n\t\t<\/section>\n\t\t\t\t<section class=\"elementor-section elementor-top-section elementor-element elementor-element-0c092df elementor-section-boxed elementor-section-height-default elementor-section-height-default parallax_section_no qode_elementor_container_no\" data-id=\"0c092df\" data-element_type=\"section\">\n\t\t\t\t\t\t<div class=\"elementor-container elementor-column-gap-default\">\n\t\t\t\t\t\t\t<div class=\"elementor-row\">\n\t\t\t\t\t<div class=\"elementor-column elementor-col-50 elementor-top-column elementor-element elementor-element-3b5b1b5\" data-id=\"3b5b1b5\" data-element_type=\"column\">\n\t\t\t<div class=\"elementor-column-wrap elementor-element-populated\">\n\t\t\t\t\t\t\t<div class=\"elementor-widget-wrap\">\n\t\t\t\t\t\t<div class=\"elementor-element elementor-element-3529c6c elementor-widget elementor-widget-spacer\" data-id=\"3529c6c\" data-element_type=\"widget\" data-widget_type=\"spacer.default\">\n\t\t\t\t<div class=\"elementor-widget-container\">\n\t\t\t\t\t<div class=\"elementor-spacer\">\n\t\t\t<div class=\"elementor-spacer-inner\"><\/div>\n\t\t<\/div>\n\t\t\t\t<\/div>\n\t\t\t\t<\/div>\n\t\t\t\t<div class=\"elementor-element elementor-element-9292d7b elementor-widget elementor-widget-text-editor\" data-id=\"9292d7b\" data-element_type=\"widget\" data-widget_type=\"text-editor.default\">\n\t\t\t\t<div class=\"elementor-widget-container\">\n\t\t\t\t\t\t\t\t<div class=\"elementor-text-editor elementor-clearfix\">\n\t\t\t\t<p>Baz\u0105 naszej hodowli jest 8 klaczy hodowlanych, o kt\u00f3rych mo\u017cemy powiedzie\u0107 \u017ce:<\/p>\t\t\t\t\t<\/div>\n\t\t\t\t\t\t<\/div>\n\t\t\t\t<\/div>\n\t\t\t\t<div class=\"elementor-element elementor-element-adfc6ba elementor-widget elementor-widget-spacer\" data-id=\"adfc6ba\" data-element_type=\"widget\" data-widget_type=\"spacer.default\">\n\t\t\t\t<div class=\"elementor-widget-container\">\n\t\t\t\t\t<div class=\"elementor-spacer\">\n\t\t\t<div class=\"elementor-spacer-inner\"><\/div>\n\t\t<\/div>\n\t\t\t\t<\/div>\n\t\t\t\t<\/div>\n\t\t\t\t<div class=\"elementor-element elementor-element-0fc3d6d elementor-widget elementor-widget-text-editor\" data-id=\"0fc3d6d\" data-element_type=\"widget\" data-widget_type=\"text-editor.default\">\n\t\t\t\t<div class=\"elementor-widget-container\">\n\t\t\t\t\t\t\t\t<div class=\"elementor-text-editor elementor-clearfix\">\n\t\t\t\t<p>&#8211; wszystkie nasze klacze zosta\u0142y sprowadzone z Niemiec\u00a0<\/p><p>&#8211; 7 z nich to klacze rasy hanowerskiej<\/p><p>&#8211; 1 klacz rasy oldenburskiej\u00a0<\/p><p>&#8211; 3 klacze uhonorowane zosta\u0142y Staatspr\u00e4mie\u00a0<\/p><p>&#8211; 1 klacz uhonorowana zosta\u0142a Verbandspr\u00e4mie\u00a0<\/p><p>&#8211; 5 spo\u015br\u00f3d naszych klaczy ma licencjonowanych braci, dopuszczonych do hodowli w r\u00f3\u017cnych zwi\u0105zkach hodowlanych w Niemczech,<\/p><p>&#8211; wszystkie klacze reprezentuj\u0105 wybitne oraz bardzo dobre Stutenstamm-y;\u00a0<\/p>\t\t\t\t\t<\/div>\n\t\t\t\t\t\t<\/div>\n\t\t\t\t<\/div>\n\t\t\t\t<div class=\"elementor-element elementor-element-9a72cd8 elementor-widget elementor-widget-spacer\" data-id=\"9a72cd8\" data-element_type=\"widget\" data-widget_type=\"spacer.default\">\n\t\t\t\t<div class=\"elementor-widget-container\">\n\t\t\t\t\t<div class=\"elementor-spacer\">\n\t\t\t<div class=\"elementor-spacer-inner\"><\/div>\n\t\t<\/div>\n\t\t\t\t<\/div>\n\t\t\t\t<\/div>\n\t\t\t\t\t\t<\/div>\n\t\t\t\t\t<\/div>\n\t\t<\/div>\n\t\t\t\t<div class=\"elementor-column elementor-col-50 elementor-top-column elementor-element elementor-element-7bebf00\" data-id=\"7bebf00\" data-element_type=\"column\">\n\t\t\t<div class=\"elementor-column-wrap elementor-element-populated\">\n\t\t\t\t\t\t\t<div class=\"elementor-widget-wrap\">\n\t\t\t\t\t\t<div class=\"elementor-element elementor-element-a26bf23 elementor-widget elementor-widget-image\" data-id=\"a26bf23\" data-element_type=\"widget\" data-widget_type=\"image.default\">\n\t\t\t\t<div class=\"elementor-widget-container\">\n\t\t\t\t\t\t\t\t<div class=\"elementor-image\">\n\t\t\t\t\t\t\t\t\t\t\t\t<img src=\"https:\/\/www.hanowerycsl.pl\/wp-content\/uploads\/2021\/01\/111.jpg\" title=\"111\" alt=\"111\" \/>\t\t\t\t\t\t\t\t\t\t\t\t\t\t<\/div>\n\t\t\t\t\t\t<\/div>\n\t\t\t\t<\/div>\n\t\t\t\t\t\t<\/div>\n\t\t\t\t\t<\/div>\n\t\t<\/div>\n\t\t\t\t\t\t\t\t<\/div>\n\t\t\t\t\t<\/div>\n\t\t<\/section>\n\t\t\t\t<section class=\"elementor-section elementor-top-section elementor-element elementor-element-fb69457 elementor-section-boxed elementor-section-height-default elementor-section-height-default parallax_section_no qode_elementor_container_no\" data-id=\"fb69457\" data-element_type=\"section\">\n\t\t\t\t\t\t<div class=\"elementor-container elementor-column-gap-default\">\n\t\t\t\t\t\t\t<div class=\"elementor-row\">\n\t\t\t\t\t\t\t\t\t<\/div>\n\t\t\t\t\t<\/div>\n\t\t<\/section>\n\t\t\t\t<section class=\"elementor-section elementor-top-section elementor-element elementor-element-292dbbe elementor-section-boxed elementor-section-height-default elementor-section-height-default parallax_section_no qode_elementor_container_no\" data-id=\"292dbbe\" data-element_type=\"section\">\n\t\t\t\t\t\t<div class=\"elementor-container elementor-column-gap-default\">\n\t\t\t\t\t\t\t<div class=\"elementor-row\">\n\t\t\t\t\t<div class=\"elementor-column elementor-col-100 elementor-top-column elementor-element elementor-element-ebec4c2\" data-id=\"ebec4c2\" data-element_type=\"column\">\n\t\t\t<div class=\"elementor-column-wrap elementor-element-populated\">\n\t\t\t\t\t\t\t<div class=\"elementor-widget-wrap\">\n\t\t\t\t\t\t<div class=\"elementor-element elementor-element-e473aba elementor-widget elementor-widget-text-editor\" data-id=\"e473aba\" data-element_type=\"widget\" data-widget_type=\"text-editor.default\">\n\t\t\t\t<div class=\"elementor-widget-container\">\n\t\t\t\t\t\t\t\t<div class=\"elementor-text-editor elementor-clearfix\">\n\t\t\t\t<p>Kryteria zasadnicze, kt\u00f3rymi kierowali\u015bmy si\u0119 dobieraj\u0105c klacze do hodowli<\/p><p>&#8211; doskonale linie \u017ce\u0144skie ( Stamm Alferate, Abita, Allerweltsfrau czy Sudette to niezwykle zas\u0142u\u017cone dla hodowli dzisiejszego konia hanowerskiego historyczne linie), \u00a0kt\u00f3re wyda\u0142y wiele wybitnych koni zar\u00f3wno w sporcie jak i w hodowli &#8211; wi\u0119cej informacji o poszczeg\u00f3lnych liniach \u017ce\u0144skich zamieszczamy <strong><a href=\"http:\/\/www.hanowerycsl.pl\/index.php\/klacze\/\">w opisach naszych klaczy<\/a><\/strong>);<\/p><p>&#8211; dobrali\u015bmy linie hodowlane charakteryzuj\u0105ce si\u0119 przede wszystkim przekazywan\u0105 z pokolenia na pokolenie jezdno\u015bci\u0105;<\/p><p>&#8211; postawili\u015bmy na wy\u0142\u0105cznie sprawdzone rodowody klaczy, dzi\u0119ki czemu \u00a0mamy pe\u0142n\u0105 dowolno\u015b\u0107 w doborze bardzo nowoczesnych, r\u00f3wnie\u017c m\u0142odych ogier\u00f3w;<\/p><p>&#8211; nienaganny, <strong>ch\u0119tny do wsp\u00f3\u0142pracy z cz\u0142owiekiem charakter<\/strong> klaczy &#8211; b\u0105d\u017a co b\u0105d\u017a \u017arebak sp\u0119dza przy matce najwa\u017cniejsze p\u00f3\u0142 roku swojego \u017cycia, obserwuj\u0105c j\u0105 i na\u015bladuj\u0105c &#8211; musi mie\u0107 doskonale wzorce;<\/p><p>&#8211; ponadprzeci\u0119tno\u015b\u0107 klaczy w trzech chodach;<\/p><p>&#8211; odpowiedni wzrost oraz eksterier;<\/p><p>&#8211; ma\u015b\u0107 dla rasowego \u201e koniarza\u201d nie ma znaczenia &#8211; lubimy konie kare, \u00a0gniade i kasztany, unikamy jednak koni zbyt \u201ekolorowych\u201d, gdy\u017c uwa\u017camy, i\u017c dresa\u017c \u00a0lubi dostojne \u201eklasyczne rozwi\u0105zania\u201d, r\u00f3wnie\u017c te kolorystyczne;<\/p>\t\t\t\t\t<\/div>\n\t\t\t\t\t\t<\/div>\n\t\t\t\t<\/div>\n\t\t\t\t\t\t<\/div>\n\t\t\t\t\t<\/div>\n\t\t<\/div>\n\t\t\t\t\t\t\t\t<\/div>\n\t\t\t\t\t<\/div>\n\t\t<\/section>\n\t\t\t\t<section class=\"elementor-section elementor-top-section elementor-element elementor-element-dc6663d elementor-section-boxed elementor-section-height-default elementor-section-height-default parallax_section_no qode_elementor_container_no\" data-id=\"dc6663d\" data-element_type=\"section\">\n\t\t\t\t\t\t<div class=\"elementor-container elementor-column-gap-default\">\n\t\t\t\t\t\t\t<div class=\"elementor-row\">\n\t\t\t\t\t\t\t\t\t<\/div>\n\t\t\t\t\t<\/div>\n\t\t<\/section>\n\t\t\t\t<section class=\"elementor-section elementor-top-section elementor-element elementor-element-dcb2e6f elementor-section-boxed elementor-section-height-default elementor-section-height-default parallax_section_no qode_elementor_container_no\" data-id=\"dcb2e6f\" data-element_type=\"section\">\n\t\t\t\t\t\t<div class=\"elementor-container elementor-column-gap-default\">\n\t\t\t\t\t\t\t<div class=\"elementor-row\">\n\t\t\t\t\t<div class=\"elementor-column elementor-col-50 elementor-top-column elementor-element elementor-element-09ff0d4\" data-id=\"09ff0d4\" data-element_type=\"column\">\n\t\t\t<div class=\"elementor-column-wrap elementor-element-populated\">\n\t\t\t\t\t\t\t<div class=\"elementor-widget-wrap\">\n\t\t\t\t\t\t<div class=\"elementor-element elementor-element-3e47b85 elementor-widget elementor-widget-text-editor\" data-id=\"3e47b85\" data-element_type=\"widget\" data-widget_type=\"text-editor.default\">\n\t\t\t\t<div class=\"elementor-widget-container\">\n\t\t\t\t\t\t\t\t<div class=\"elementor-text-editor elementor-clearfix\">\n\t\t\t\t<p>Ka\u017cdorazowo dob\u00f3r ogiera dla naszych klaczy poprzedzany jest wyjazdami do Niemiec na pokazy hodowlane, przegl\u0105dy \u017arebiat, wnikliw\u0105 analiz\u0105 oceny potomstwa danego ogiera zar\u00f3wno pod wzgl\u0119dem eksterierowym jak i przydatno\u015bci sportowej. \u015aledzimy zachodnie \u201e nowinki\u201d hodowlane i bacznie obserwujemy m\u0142ode ogiery, staramy si\u0119 pod ka\u017cdym wzgl\u0119dem dor\u00f3wnywa\u0107 zachodnim hodowlom.<\/p><p>Niezwykle istotny jest dla nas prawid\u0142owy odchod\u00f3w \u017arebi\u0105t \u00a0i wychowywanie ich bez przemocy.<\/p><p>Nasze konie sp\u0119dzaj\u0105 jak najwiecej czasu ju\u017c od od pierwszych \u017cycia na pastwiskach, dzi\u0119ki czemu unikamy zagro\u017cenia nabyciem chor\u00f3b ze strony uk\u0142adu oddechowego.\u00a0<br \/>Widz\u0105c \u00a0efekty naszej kilkuletniej pracy hodowlanej uwa\u017camy, \u017ce &#8211; powiemy nieskromnie &#8211; robimy to tak jak trzeba \ud83d\ude42\u00a0<\/p>\t\t\t\t\t<\/div>\n\t\t\t\t\t\t<\/div>\n\t\t\t\t<\/div>\n\t\t\t\t\t\t<\/div>\n\t\t\t\t\t<\/div>\n\t\t<\/div>\n\t\t\t\t<div class=\"elementor-column elementor-col-50 elementor-top-column elementor-element elementor-element-4149d9c\" data-id=\"4149d9c\" data-element_type=\"column\">\n\t\t\t<div class=\"elementor-column-wrap elementor-element-populated\">\n\t\t\t\t\t\t\t<div class=\"elementor-widget-wrap\">\n\t\t\t\t\t\t<div class=\"elementor-element elementor-element-689a4d6 elementor-widget elementor-widget-image\" data-id=\"689a4d6\" data-element_type=\"widget\" data-widget_type=\"image.default\">\n\t\t\t\t<div class=\"elementor-widget-container\">\n\t\t\t\t\t\t\t\t<div class=\"elementor-image\">\n\t\t\t\t\t\t\t\t\t\t\t\t<img src=\"https:\/\/www.hanowerycsl.pl\/wp-content\/uploads\/2021\/02\/fellini_9.jpg\" title=\"fellini_9\" alt=\"fellini_9\" \/>\t\t\t\t\t\t\t\t\t\t\t\t\t\t<\/div>\n\t\t\t\t\t\t<\/div>\n\t\t\t\t<\/div>\n\t\t\t\t\t\t<\/div>\n\t\t\t\t\t<\/div>\n\t\t<\/div>\n\t\t\t\t\t\t\t\t<\/div>\n\t\t\t\t\t<\/div>\n\t\t<\/section>\n\t\t\t\t<section class=\"elementor-section elementor-top-section elementor-element elementor-element-40cbcf2 elementor-section-boxed elementor-section-height-default elementor-section-height-default parallax_section_no qode_elementor_container_no\" data-id=\"40cbcf2\" data-element_type=\"section\">\n\t\t\t\t\t\t<div class=\"elementor-container elementor-column-gap-default\">\n\t\t\t\t\t\t\t<div class=\"elementor-row\">\n\t\t\t\t\t<div class=\"elementor-column elementor-col-100 elementor-top-column elementor-element elementor-element-80da45a\" data-id=\"80da45a\" data-element_type=\"column\">\n\t\t\t<div class=\"elementor-column-wrap elementor-element-populated\">\n\t\t\t\t\t\t\t<div class=\"elementor-widget-wrap\">\n\t\t\t\t\t\t<div class=\"elementor-element elementor-element-a9e92dc elementor-widget elementor-widget-text-editor\" data-id=\"a9e92dc\" data-element_type=\"widget\" data-widget_type=\"text-editor.default\">\n\t\t\t\t<div class=\"elementor-widget-container\">\n\t\t\t\t\t\t\t\t<div class=\"elementor-text-editor elementor-clearfix\">\n\t\t\t\t<p>Zapraszamy do odwiedzania naszej hodowli &#8211; zar\u00f3wno \u201ewirtualnie\u201d poprzez \u015bledzenie naszego profilu na <a href=\"https:\/\/www.facebook.com\/HodowlaKoniHanowerskichCSL1\" target=\"_blank\" rel=\"noopener\">Facebooku<\/a>, jaki i do osobistych odwiedzin.\u00a0<\/p>\t\t\t\t\t<\/div>\n\t\t\t\t\t\t<\/div>\n\t\t\t\t<\/div>\n\t\t\t\t\t\t<\/div>\n\t\t\t\t\t<\/div>\n\t\t<\/div>\n\t\t\t\t\t\t\t\t<\/div>\n\t\t\t\t\t<\/div>\n\t\t<\/section>\n\t\t\t\t<section class=\"elementor-section elementor-top-section elementor-element elementor-element-a4e0c0f elementor-section-boxed elementor-section-height-default elementor-section-height-default parallax_section_no qode_elementor_container_no\" data-id=\"a4e0c0f\" data-element_type=\"section\">\n\t\t\t\t\t\t<div class=\"elementor-container elementor-column-gap-default\">\n\t\t\t\t\t\t\t<div class=\"elementor-row\">\n\t\t\t\t\t<div class=\"elementor-column elementor-col-100 elementor-top-column elementor-element elementor-element-d61f5c0\" data-id=\"d61f5c0\" data-element_type=\"column\">\n\t\t\t<div class=\"elementor-column-wrap elementor-element-populated\">\n\t\t\t\t\t\t\t<div class=\"elementor-widget-wrap\">\n\t\t\t\t\t\t<section class=\"elementor-section elementor-inner-section elementor-element elementor-element-b998145 elementor-section-boxed elementor-section-height-default elementor-section-height-default parallax_section_no qode_elementor_container_no\" data-id=\"b998145\" data-element_type=\"section\">\n\t\t\t\t\t\t<div class=\"elementor-container elementor-column-gap-no\">\n\t\t\t\t\t\t\t<div class=\"elementor-row\">\n\t\t\t\t\t<div class=\"elementor-column elementor-col-100 elementor-inner-column elementor-element elementor-element-5e536d3\" data-id=\"5e536d3\" data-element_type=\"column\">\n\t\t\t<div class=\"elementor-column-wrap elementor-element-populated\">\n\t\t\t\t\t\t\t<div class=\"elementor-widget-wrap\">\n\t\t\t\t\t\t<div class=\"elementor-element elementor-element-a959592 elementor-shape-circle elementor-grid-0 e-grid-align-center elementor-widget elementor-widget-social-icons\" data-id=\"a959592\" data-element_type=\"widget\" data-widget_type=\"social-icons.default\">\n\t\t\t\t<div class=\"elementor-widget-container\">\n\t\t\t\t\t<div class=\"elementor-social-icons-wrapper elementor-grid\">\n\t\t\t\t\t\t\t<span class=\"elementor-grid-item\">\n\t\t\t\t\t<a class=\"elementor-icon elementor-social-icon elementor-social-icon-facebook elementor-repeater-item-53d45de\" href=\"https:\/\/www.facebook.com\/HodowlaKoniHanowerskichCSL1\" target=\"_blank\">\n\t\t\t\t\t\t<span class=\"elementor-screen-only\">Facebook<\/span>\n\t\t\t\t\t\t<i class=\"fab fa-facebook\"><\/i>\t\t\t\t\t<\/a>\n\t\t\t\t<\/span>\n\t\t\t\t\t\t\t<span class=\"elementor-grid-item\">\n\t\t\t\t\t<a class=\"elementor-icon elementor-social-icon elementor-social-icon-instagram elementor-repeater-item-95a5f59\" href=\"https:\/\/www.instagram.com\/hodowla_koni_hanowerskich_csl\/\" target=\"_blank\">\n\t\t\t\t\t\t<span class=\"elementor-screen-only\">Instagram<\/span>\n\t\t\t\t\t\t<i class=\"fab fa-instagram\"><\/i>\t\t\t\t\t<\/a>\n\t\t\t\t<\/span>\n\t\t\t\t\t\t\t<span class=\"elementor-grid-item\">\n\t\t\t\t\t<a class=\"elementor-icon elementor-social-icon elementor-social-icon-youtube elementor-repeater-item-367bcd8\" href=\"https:\/\/www.youtube.com\/channel\/UC2h3n3fD32ecyVCE6MML4Uw\/videos\" target=\"_blank\">\n\t\t\t\t\t\t<span class=\"elementor-screen-only\">Youtube<\/span>\n\t\t\t\t\t\t<i class=\"fab fa-youtube\"><\/i>\t\t\t\t\t<\/a>\n\t\t\t\t<\/span>\n\t\t\t\t\t<\/div>\n\t\t\t\t<\/div>\n\t\t\t\t<\/div>\n\t\t\t\t\t\t<\/div>\n\t\t\t\t\t<\/div>\n\t\t<\/div>\n\t\t\t\t\t\t\t\t<\/div>\n\t\t\t\t\t<\/div>\n\t\t<\/section>\n\t\t\t\t\t\t<\/div>\n\t\t\t\t\t<\/div>\n\t\t<\/div>\n\t\t\t\t\t\t\t\t<\/div>\n\t\t\t\t\t<\/div>\n\t\t<\/section>\n\t\t\t\t\t\t\t\t\t<\/div>\n\t\t\t<\/div>\n\t\t\t\t\t<\/div>\n\t\t","protected":false},"excerpt":{"rendered":"<p>O NASZEJ HODOWLI Baz\u0105 naszej hodowli jest 8 klaczy hodowlanych, o kt\u00f3rych mo\u017cemy powiedzie\u0107 \u017ce: &#8211; wszystkie nasze klacze zosta\u0142y sprowadzone z Niemiec\u00a0 &#8211; 7 z nich to klacze rasy hanowerskiej &#8211; 1 klacz rasy oldenburskiej\u00a0 &#8211; 3 klacze uhonorowane zosta\u0142y Staatspr\u00e4mie\u00a0 &#8211; 1 klacz&#8230;<\/p>\n","protected":false},"author":1,"featured_media":0,"parent":0,"menu_order":0,"comment_status":"closed","ping_status":"closed","template":"full_width.php","meta":[],"_links":{"self":[{"href":"https:\/\/www.hanowerycsl.pl\/index.php\/wp-json\/wp\/v2\/pages\/837"}],"collection":[{"href":"https:\/\/www.hanowerycsl.pl\/index.php\/wp-json\/wp\/v2\/pages"}],"about":[{"href":"https:\/\/www.hanowerycsl.pl\/index.php\/wp-json\/wp\/v2\/types\/page"}],"author":[{"embeddable":true,"href":"https:\/\/www.hanowerycsl.pl\/index.php\/wp-json\/wp\/v2\/users\/1"}],"replies":[{"embeddable":true,"href":"https:\/\/www.hanowerycsl.pl\/index.php\/wp-json\/wp\/v2\/comments?post=837"}],"version-history":[{"count":28,"href":"https:\/\/www.hanowerycsl.pl\/index.php\/wp-json\/wp\/v2\/pages\/837\/revisions"}],"predecessor-version":[{"id":1238,"href":"https:\/\/www.hanowerycsl.pl\/index.php\/wp-json\/wp\/v2\/pages\/837\/revisions\/1238"}],"wp:attachment":[{"href":"https:\/\/www.hanowerycsl.pl\/index.php\/wp-json\/wp\/v2\/media?parent=837"}],"curies":[{"name":"wp","href":"https:\/\/api.w.org\/{rel}","templated":true}]}}